{"id":108,"date":"2016-11-07T09:56:11","date_gmt":"2016-11-07T14:56:11","guid":{"rendered":"http:\/\/localhost\/wordpress\/?page_id=108"},"modified":"2016-12-06T17:46:38","modified_gmt":"2016-12-06T22:46:38","slug":"organo-de-control-interno","status":"publish","type":"page","link":"http:\/\/www.ugelsanchezcarrion.gob.pe\/?page_id=108","title":{"rendered":"\u00d3rgano de Control Institucional"},"content":{"rendered":"<h5><strong>ART\u00cdCULO 12:<\/strong><\/h5>\n<p>El \u00d3rgano de Control Institucional cumple las siguientes funciones:<\/p>\n<p style=\"padding-left: 30px;\">a) Formular, ejecutar y evaluar el Plan Anual de Control, de conformidad con los lineamientos emitidos por la Contralor\u00eda General de la Rep\u00fablica.<\/p>\n<p style=\"padding-left: 30px;\">b) Realizar las acciones de seguimiento que corresponda, cautelando la ejecuci\u00f3n de acciones correctivas dispuestas por el titular de la entidad, para mejorar la gesti\u00f3n y para la prevenci\u00f3n y sanci\u00f3n de los actos de corrupci\u00f3n de la gesti\u00f3n p\u00fablica.<\/p>\n<p style=\"padding-left: 30px;\">c) Organizar y ejecutar las acciones de control posterior que espec\u00edficamente le encargue el titular de la Unidad de Gesti\u00f3n Educativa Local S\u00e1nchez Carri\u00f3n y los organismos superiores de control.<\/p>\n<p style=\"padding-left: 30px;\">d) Elaborar los informes de control y elevarlos a la Direcci\u00f3n de la Unidad de Gesti\u00f3n Educativa Local de S\u00e1nchez Carri\u00f3n, Contralor\u00eda General de la Rep\u00fablica y otras instancias seg\u00fan corresponda.<\/p>\n<p style=\"padding-left: 30px;\">e) Investigar las denuncias administrativas presentadas al \u00d3rgano de Control Institucional por los servidores, funcionarios p\u00fablicos y ciudadanos en general, sobre actos y operaciones de la entidad.<\/p>\n<p style=\"padding-left: 30px;\">f) Proponer e implementar mecanismos de prevenci\u00f3n para los actos de corrupci\u00f3n en la gesti\u00f3n administrativa.<\/p>\n<p style=\"padding-left: 30px;\">g) Ejecutar labores de control no programadas que solicite el Titular de la Entidad.<\/p>\n","protected":false},"excerpt":{"rendered":"<p>ART\u00cdCULO 12: El \u00d3rgano de Control Institucional cumple las siguientes funciones: a) Formular, ejecutar y evaluar el Plan Anual de Control, de conformidad con los lineamientos emitidos por la Contralor\u00eda General de la Rep\u00fablica. b) Realizar las acciones de seguimiento que corresponda, cautelando la ejecuci\u00f3n de acciones correctivas dispuestas por el titular de la entidad,&#8230;<\/p>\n","protected":false},"author":1,"featured_media":0,"parent":0,"menu_order":0,"comment_status":"closed","ping_status":"closed","template":"","meta":[],"_links":{"self":[{"href":"http:\/\/www.ugelsanchezcarrion.gob.pe\/index.php?rest_route=\/wp\/v2\/pages\/108"}],"collection":[{"href":"http:\/\/www.ugelsanchezcarrion.gob.pe\/index.php?rest_route=\/wp\/v2\/pages"}],"about":[{"href":"http:\/\/www.ugelsanchezcarrion.gob.pe\/index.php?rest_route=\/wp\/v2\/types\/page"}],"author":[{"embeddable":true,"href":"http:\/\/www.ugelsanchezcarrion.gob.pe\/index.php?rest_route=\/wp\/v2\/users\/1"}],"replies":[{"embeddable":true,"href":"http:\/\/www.ugelsanchezcarrion.gob.pe\/index.php?rest_route=%2Fwp%2Fv2%2Fcomments&post=108"}],"version-history":[{"count":5,"href":"http:\/\/www.ugelsanchezcarrion.gob.pe\/index.php?rest_route=\/wp\/v2\/pages\/108\/revisions"}],"predecessor-version":[{"id":603,"href":"http:\/\/www.ugelsanchezcarrion.gob.pe\/index.php?rest_route=\/wp\/v2\/pages\/108\/revisions\/603"}],"wp:attachment":[{"href":"http:\/\/www.ugelsanchezcarrion.gob.pe\/index.php?rest_route=%2Fwp%2Fv2%2Fmedia&parent=108"}],"curies":[{"name":"wp","href":"https:\/\/api.w.org\/{rel}","templated":true}]}}