{"id":12634,"date":"2021-07-01T12:46:14","date_gmt":"2021-07-01T17:46:14","guid":{"rendered":"http:\/\/www.ugelsanchezcarrion.gob.pe\/?page_id=12634"},"modified":"2025-01-27T15:16:57","modified_gmt":"2025-01-27T20:16:57","slug":"comite-de-seleccion","status":"publish","type":"page","link":"http:\/\/www.ugelsanchezcarrion.gob.pe\/?page_id=12634","title":{"rendered":"Comit\u00e9 de selecci\u00f3n"},"content":{"rendered":"<p><em><strong>2022<\/strong><\/em><\/p>\n<p><strong><span style=\"color: #800000;\"><em>Comit\u00e9 de Selecci\u00f3n_AS N\u00b0 01-2022<\/em><\/span>&nbsp;descargar<\/strong> <i class=\"far fa-file-pdf\"><\/i> (<a href=\"http:\/\/www.ugelsanchezcarrion.gob.pe\/wordpress\/wp-content\/uploads\/2023\/07\/Comite-de-Seleccion_AS-N\u00b0-01-2022.pdf\" target=\"_blank\" rel=\"noopener\">aqu\u00ed<\/a>)<\/p>\n<p><strong><span style=\"color: #800000;\"><em>Comit\u00e9 de Selecci\u00f3n_AS N\u00b0 02-2022<\/em><\/span>&nbsp;descargar<\/strong> <i class=\"far fa-file-pdf\"><\/i> (<a href=\"http:\/\/www.ugelsanchezcarrion.gob.pe\/wordpress\/wp-content\/uploads\/2023\/07\/Comite-de-Seleccion_AS-N\u00b0-02-2022.pdf\" target=\"_blank\" rel=\"noopener\">aqu\u00ed<\/a>)<\/p>\n<p><em><strong>2021<\/strong><\/em><!--more--><\/p>\n<p><strong><span style=\"color: #800000;\"><em>Comit\u00e9 de Selecci\u00f3n_AS N\u00b0 01-2021<\/em><\/span> descargar<\/strong> <i class=\"far fa-file-pdf\"><\/i> (<a href=\"http:\/\/www.ugelsanchezcarrion.gob.pe\/wordpress\/wp-content\/uploads\/2021\/07\/Comite-de-Seleccion_AS-N\u00b0-01-2021-UGEL-SC.pdf\" target=\"_blank\" rel=\"noopener\">aqu\u00ed<\/a>)<\/p>\n<p><i class=\"fa fa-hand-o-right\" aria-hidden=\"true\"><\/i> <strong><span style=\"color: #800000;\"><em>Comit\u00e9 de Selecci\u00f3n_AS N\u00b0 02-2021<\/em><\/span> descargar<\/strong> <i class=\"far fa-file-pdf\"><\/i> (<a href=\"http:\/\/www.ugelsanchezcarrion.gob.pe\/wordpress\/wp-content\/uploads\/2021\/07\/Comite-de-Seleccion_AS-N\u00b0-02-2021-UGEL-SC.pdf\" target=\"_blank\" rel=\"noopener\">aqu\u00ed<\/a>)<\/p>\n<p><strong><span style=\"color: #800000;\"><em>Comit\u00e9 de Selecci\u00f3n_AS N\u00b0 03-2021<\/em><\/span>&nbsp;descargar<\/strong> <i class=\"far fa-file-pdf\"><\/i> (<a href=\"http:\/\/www.ugelsanchezcarrion.gob.pe\/wordpress\/wp-content\/uploads\/2023\/07\/Comite-de-Seleccion_AS-N\u00b0-03-2021.pdf\" target=\"_blank\" rel=\"noopener\">aqu\u00ed<\/a>)<\/p>\n\n\n<p><\/p>\n\n\n\n<p><\/p>\n\n\n\n<p><\/p>\n\n\n\n<p><\/p>\n\n\n\n<p><\/p>\n\n\n\n<p><\/p>\n\n\n\n<p><\/p>\n\n\n\n<p><\/p>\n\n\n\n<p><\/p>\n\n\n\n<p><\/p>\n\n\n\n<p><\/p>\n","protected":false},"excerpt":{"rendered":"<p>2022 Comit\u00e9 de Selecci\u00f3n_AS N\u00b0 01-2022&nbsp;descargar (aqu\u00ed) Comit\u00e9 de Selecci\u00f3n_AS N\u00b0 02-2022&nbsp;descargar (aqu\u00ed) 2021<\/p>\n","protected":false},"author":1,"featured_media":0,"parent":0,"menu_order":0,"comment_status":"closed","ping_status":"closed","template":"","meta":[],"_links":{"self":[{"href":"http:\/\/www.ugelsanchezcarrion.gob.pe\/index.php?rest_route=\/wp\/v2\/pages\/12634"}],"collection":[{"href":"http:\/\/www.ugelsanchezcarrion.gob.pe\/index.php?rest_route=\/wp\/v2\/pages"}],"about":[{"href":"http:\/\/www.ugelsanchezcarrion.gob.pe\/index.php?rest_route=\/wp\/v2\/types\/page"}],"author":[{"embeddable":true,"href":"http:\/\/www.ugelsanchezcarrion.gob.pe\/index.php?rest_route=\/wp\/v2\/users\/1"}],"replies":[{"embeddable":true,"href":"http:\/\/www.ugelsanchezcarrion.gob.pe\/index.php?rest_route=%2Fwp%2Fv2%2Fcomments&post=12634"}],"version-history":[{"count":4,"href":"http:\/\/www.ugelsanchezcarrion.gob.pe\/index.php?rest_route=\/wp\/v2\/pages\/12634\/revisions"}],"predecessor-version":[{"id":22725,"href":"http:\/\/www.ugelsanchezcarrion.gob.pe\/index.php?rest_route=\/wp\/v2\/pages\/12634\/revisions\/22725"}],"wp:attachment":[{"href":"http:\/\/www.ugelsanchezcarrion.gob.pe\/index.php?rest_route=%2Fwp%2Fv2%2Fmedia&parent=12634"}],"curies":[{"name":"wp","href":"https:\/\/api.w.org\/{rel}","templated":true}]}}