{"id":718,"date":"2016-12-09T16:30:21","date_gmt":"2016-12-09T21:30:21","guid":{"rendered":"http:\/\/38.242.151.198\/\/wordpress\/?page_id=718"},"modified":"2020-11-10T22:24:10","modified_gmt":"2020-11-11T03:24:10","slug":"libro-de-reclamaciones","status":"publish","type":"page","link":"http:\/\/www.ugelsanchezcarrion.gob.pe\/?page_id=718","title":{"rendered":"Libro de Reclamaciones"},"content":{"rendered":"<p>Estimado usuario es nuestro deber responder a sus sugerencias, quejas, reclamos o denuncias, para ello solicitamos ser lo m\u00e1s espec\u00edfico posible al redactar su mensaje y en caso de que usted desea adjuntar alg\u00fan expediente, solicitamos lo haga de manera personal en las oficinas de la UGEL S\u00e1nchez Carri\u00f3n que gustosos lo atenderemos (atenci\u00f3n para instituciones educativas p\u00fablicas y privadas).<\/p>\n<h4>IMPORTANTE:<\/h4>\n<p>Verifique bien los datos antes de Guardar\/Enviar su informaci\u00f3n, DE NO CONTAR CON LA INFORMACI\u00d3N PRECISA NO PODREMOS ATENDER SU ALERTA.<\/p>\n<p>Si desea remitir una alerta o contactarse con el responsable, puede escribirnos al correo <span style=\"color: #ff0000;\"><strong>reclamaciones@ugelsanchezcarrion.gob.pe<\/strong><\/span><\/p>\n<div role=\"form\" class=\"wpcf7\" id=\"wpcf7-f5-o1\" lang=\"es-ES\" dir=\"ltr\">\n<div class=\"screen-reader-response\"><p role=\"status\" aria-live=\"polite\" aria-atomic=\"true\"><\/p> <ul><\/ul><\/div>\n<form action=\"\/index.php?rest_route=%2Fwp%2Fv2%2Fpages%2F718#wpcf7-f5-o1\" method=\"post\" class=\"wpcf7-form init\" novalidate=\"novalidate\" data-status=\"init\">\n<div style=\"display: none;\">\n<input type=\"hidden\" name=\"_wpcf7\" value=\"5\" \/>\n<input type=\"hidden\" name=\"_wpcf7_version\" value=\"5.5.6\" \/>\n<input type=\"hidden\" name=\"_wpcf7_locale\" value=\"es_ES\" \/>\n<input type=\"hidden\" name=\"_wpcf7_unit_tag\" value=\"wpcf7-f5-o1\" \/>\n<input type=\"hidden\" name=\"_wpcf7_container_post\" value=\"0\" \/>\n<input type=\"hidden\" name=\"_wpcf7_posted_data_hash\" value=\"\" \/>\n<\/div>\n<div class=\"form-horizontal\">\n<div class=\"form-group\">\n<div class=\"col-sm-12\">\n\t\t\t<label for=type-document class=\"col-sm-3 control-label\"> Tipo de Documento *:<\/label><\/p>\n<div class=\"col-sm-3\">\n\t\t\t<span class=\"wpcf7-form-control-wrap type-document\"><select name=\"type-document\" class=\"wpcf7-form-control wpcf7-select wpcf7-validates-as-required form-control\" id=\"type-document\" aria-required=\"true\" aria-invalid=\"false\"><option value=\"\">---<\/option><option value=\"DNI\">DNI<\/option><option value=\"RUC\">RUC<\/option><option value=\"Carnet de Extrangeria\">Carnet de Extrangeria<\/option><\/select><\/span>\n\t\t\t<\/div>\n<\/div>\n<\/div>\n<div class=\"form-group\">\n<div class=\"col-sm-12\">\n\t\t\t<label for=numberDocument class=\"col-sm-3 control-label\"> Numero de Documento *:<\/label><\/p>\n<div class=\"col-sm-3\">\n\t\t\t<span class=\"wpcf7-form-control-wrap your-document\"><input type=\"tel\" name=\"your-document\" value=\"\" size=\"40\" maxlength=\"12\" minlength=\"8\" class=\"wpcf7-form-control wpcf7-text wpcf7-tel wpcf7-validates-as-required wpcf7-validates-as-tel form-control\" id=\"numberDocument\" aria-required=\"true\" aria-invalid=\"false\" \/><\/span>\n\t\t\t<\/div>\n<\/div>\n<\/div>\n<div class=\"form-group\">\n<div class=\"col-sm-12\">\n\t\t\t<label for=name class=\"col-sm-3 control-label\"> Nombres *:<\/label><\/p>\n<div class=\"col-sm-6\">\n\t\t\t<span class=\"wpcf7-form-control-wrap your-name\"><input type=\"text\" name=\"your-name\" value=\"\" size=\"40\" maxlength=\"50\" minlength=\"2\" class=\"wpcf7-form-control wpcf7-text wpcf7-validates-as-required form-control\" id=\"name\" aria-required=\"true\" aria-invalid=\"false\" \/><\/span>\n\t\t\t<\/div>\n<\/div>\n<\/div>\n<div class=\"form-group\">\n<div class=\"col-sm-12\">\n\t\t\t<label for=lastname class=\"col-sm-3 control-label\"> Apellidos *:<\/label><\/p>\n<div class=\"col-sm-6\">\n\t\t\t<span class=\"wpcf7-form-control-wrap your-lastname\"><input type=\"text\" name=\"your-lastname\" value=\"\" size=\"40\" maxlength=\"50\" minlength=\"2\" class=\"wpcf7-form-control wpcf7-text wpcf7-validates-as-required form-control\" id=\"lastname\" aria-required=\"true\" aria-invalid=\"false\" \/><\/span>\n\t\t\t<\/div>\n<\/div>\n<\/div>\n<div class=\"form-group\">\n<div class=\"col-sm-12\">\n\t\t\t<label for=phone class=\"col-sm-3 control-label\"> Telf.\/Celular *:<\/label><\/p>\n<div class=\"col-sm-3\">\n\t\t\t<span class=\"wpcf7-form-control-wrap your-phone\"><input type=\"tel\" name=\"your-phone\" value=\"\" size=\"40\" maxlength=\"20\" minlength=\"6\" class=\"wpcf7-form-control wpcf7-text wpcf7-tel wpcf7-validates-as-required wpcf7-validates-as-tel form-control\" id=\"phone\" aria-required=\"true\" aria-invalid=\"false\" \/><\/span>\n\t\t\t<\/div>\n<\/div>\n<\/div>\n<div class=\"form-group\">\n<div class=\"col-sm-12\">\n\t\t\t<label for=type-incidencia class=\"col-sm-3 control-label\"> Tipo de Incidencia *:<\/label><\/p>\n<div class=\"col-sm-3\">\n\t\t\t<span class=\"wpcf7-form-control-wrap tipo-incidencia\"><select name=\"tipo-incidencia\" class=\"wpcf7-form-control wpcf7-select wpcf7-validates-as-required form-control\" id=\"type-incidencia\" aria-required=\"true\" aria-invalid=\"false\"><option value=\"\">---<\/option><option value=\"Reclamo\">Reclamo<\/option><option value=\"Queja\">Queja<\/option><option value=\"Denuncia\">Denuncia<\/option><option value=\"Solucitud de Informaci\u00f3n\">Solucitud de Informaci\u00f3n<\/option><\/select><\/span>\n\t\t\t<\/div>\n<\/div>\n<\/div>\n<div class=\"form-group\">\n<div class=\"col-sm-12\">\n\t\t\t<label for=description class=\"col-sm-3 control-label\"> Descripcion de la Incidencia *:<\/label><\/p>\n<div class=\"col-sm-6\">\n\t\t\t<span class=\"wpcf7-form-control-wrap incidencia\"><textarea name=\"incidencia\" cols=\"40\" rows=\"10\" maxlength=\"100\" class=\"wpcf7-form-control wpcf7-textarea form-control\" id=\"description\" aria-invalid=\"false\"><\/textarea><\/span>\n\t\t\t<\/div>\n<\/div>\n<\/div>\n<div class=\"form-group\">\n<div class=\"col-sm-12\">\n\t\t\t<label for=type-user class=\"col-sm-3 control-label\"> Tipo de Usuario *:<\/label><\/p>\n<div class=\"col-sm-3\">\n\t\t\t<span class=\"wpcf7-form-control-wrap type-user\"><select name=\"type-user\" class=\"wpcf7-form-control wpcf7-select wpcf7-validates-as-required form-control\" id=\"type-user\" aria-required=\"true\" aria-invalid=\"false\"><option value=\"\">---<\/option><option value=\"Director y\/o Subdirector\">Director y\/o Subdirector<\/option><option value=\"Docente\">Docente<\/option><option value=\"Estudiante\">Estudiante<\/option><option value=\"Padre de Familia\">Padre de Familia<\/option><option value=\"Trabajador Administrativo\">Trabajador Administrativo<\/option><option value=\"Otros\">Otros<\/option><\/select><\/span>\n\t\t\t<\/div>\n<\/div>\n<\/div>\n<div class=\"form-group\">\n<div class=\"col-sm-12\">\n\t\t\t<label for=site class=\"col-sm-3 control-label\"> Lugar de la Incidencia *:<\/label><\/p>\n<div class=\"col-sm-6\">\n\t\t\t<span class=\"wpcf7-form-control-wrap lugar-incidencia\"><input type=\"text\" name=\"lugar-incidencia\" value=\"\" size=\"40\" maxlength=\"50\" minlength=\"2\" class=\"wpcf7-form-control wpcf7-text wpcf7-validates-as-required form-control\" id=\"site\" aria-required=\"true\" aria-invalid=\"false\" \/><\/span>\n\t\t\t<\/div>\n<\/div>\n<\/div>\n<div class=\"form-group\">\n<div class=\"col-sm-12\">\n\t\t\t<label for=email class=\"col-sm-3 control-label\"> E-mail *:<\/label><\/p>\n<div class=\"col-sm-6\">\n\t\t\t<span class=\"wpcf7-form-control-wrap email-786\"><input type=\"email\" name=\"email-786\" value=\"\" size=\"40\" class=\"wpcf7-form-control wpcf7-text wpcf7-email wpcf7-validates-as-email form-control\" id=\"email\" aria-invalid=\"false\" placeholder=\"ejemplo@email.com\" \/><\/span>\n\t\t\t<\/div>\n<\/div>\n<\/div>\n<div class=\"form-group\">\n<div class=\"col-sm-offset-5\">\n\t\t\t<button class=\"btn btn-danger\" type=\"submit\">Registrar <\/button>\n\t\t<\/div>\n<\/div>\n<\/div>\n<div class=\"wpcf7-response-output\" aria-hidden=\"true\"><\/div><\/form><\/div>\n","protected":false},"excerpt":{"rendered":"<p>Estimado usuario es nuestro deber responder a sus sugerencias, quejas, reclamos o denuncias, para ello solicitamos ser lo m\u00e1s espec\u00edfico posible al redactar su mensaje y en caso de que usted desea adjuntar alg\u00fan expediente, solicitamos lo haga de manera personal en las oficinas de la UGEL S\u00e1nchez Carri\u00f3n que gustosos lo atenderemos (atenci\u00f3n para&#8230;<\/p>\n","protected":false},"author":1,"featured_media":0,"parent":0,"menu_order":0,"comment_status":"closed","ping_status":"closed","template":"","meta":[],"_links":{"self":[{"href":"http:\/\/www.ugelsanchezcarrion.gob.pe\/index.php?rest_route=\/wp\/v2\/pages\/718"}],"collection":[{"href":"http:\/\/www.ugelsanchezcarrion.gob.pe\/index.php?rest_route=\/wp\/v2\/pages"}],"about":[{"href":"http:\/\/www.ugelsanchezcarrion.gob.pe\/index.php?rest_route=\/wp\/v2\/types\/page"}],"author":[{"embeddable":true,"href":"http:\/\/www.ugelsanchezcarrion.gob.pe\/index.php?rest_route=\/wp\/v2\/users\/1"}],"replies":[{"embeddable":true,"href":"http:\/\/www.ugelsanchezcarrion.gob.pe\/index.php?rest_route=%2Fwp%2Fv2%2Fcomments&post=718"}],"version-history":[{"count":5,"href":"http:\/\/www.ugelsanchezcarrion.gob.pe\/index.php?rest_route=\/wp\/v2\/pages\/718\/revisions"}],"predecessor-version":[{"id":10357,"href":"http:\/\/www.ugelsanchezcarrion.gob.pe\/index.php?rest_route=\/wp\/v2\/pages\/718\/revisions\/10357"}],"wp:attachment":[{"href":"http:\/\/www.ugelsanchezcarrion.gob.pe\/index.php?rest_route=%2Fwp%2Fv2%2Fmedia&parent=718"}],"curies":[{"name":"wp","href":"https:\/\/api.w.org\/{rel}","templated":true}]}}