{"id":8019,"date":"2019-09-17T21:59:32","date_gmt":"2019-09-18T02:59:32","guid":{"rendered":"http:\/\/www.ugelsanchezcarrion.gob.pe\/?page_id=8019"},"modified":"2019-10-27T17:07:00","modified_gmt":"2019-10-27T22:07:00","slug":"contratacion-auxiliares","status":"publish","type":"page","link":"http:\/\/www.ugelsanchezcarrion.gob.pe\/?page_id=8019","title":{"rendered":"Auxiliares de Educaci\u00f3n"},"content":{"rendered":"<table id=\"posts-table-1\" class=\"posts-data-table\" data-page-length=\"20\" data-paging=\"true\" data-order='[[0, \"desc\"]]' data-click-filter=\"true\" data-scroll-offset=\"15\" cellspacing=\"0\" width=\"100%\"><thead><tr><th data-name=\"date\" data-priority=\"2\" data-width=\"\" data-order-data=\"3\">Fecha<\/th><th data-name=\"title\" data-priority=\"1\" data-width=\"\">T\u00edtulo<\/th><th data-name=\"categories\" data-priority=\"7\" data-width=\"\">Categor\u00edas<\/th><th data-name=\"timestamp\" data-visible=\"false\"><\/th><\/tr><\/thead><tbody><tr><td>2026\/02\/11<\/td><td><a href=\"http:\/\/www.ugelsanchezcarrion.gob.pe\/?p=24290\">CONTRATACI\u00d3N DE AUXILIARES DE EDUCACI\u00d3N 2026<\/a><\/td><td><a href=\"http:\/\/www.ugelsanchezcarrion.gob.pe\/?cat=10\" rel=\"category\">Comunicados<\/a>, <a href=\"http:\/\/www.ugelsanchezcarrion.gob.pe\/?cat=27\" rel=\"category\">Contrataci\u00f3n Auxiliares<\/a><\/td><td>2026-02-11 18:47:00<\/td><\/tr><tr><td>2024\/04\/09<\/td><td><a href=\"http:\/\/www.ugelsanchezcarrion.gob.pe\/?p=21576\">COMUNICADO ADJUDICACI\u00d3N AUXILIARES 10.04.24 INICIAL <span class=\"label label-danger\">CERRADO<\/span><\/a><\/td><td><a href=\"http:\/\/www.ugelsanchezcarrion.gob.pe\/?cat=10\" rel=\"category\">Comunicados<\/a>, <a href=\"http:\/\/www.ugelsanchezcarrion.gob.pe\/?cat=27\" rel=\"category\">Contrataci\u00f3n Auxiliares<\/a><\/td><td>2024-04-09 15:40:00<\/td><\/tr><tr><td>2024\/03\/20<\/td><td><a href=\"http:\/\/www.ugelsanchezcarrion.gob.pe\/?p=21373\">COMUNICADO: ADJUDICACI\u00d3N AXULIARES DE EDUCACI\u00d3N 2024  <span class=\"label label-danger\">CERRADO<\/span><\/a><\/td><td><a href=\"http:\/\/www.ugelsanchezcarrion.gob.pe\/?cat=10\" rel=\"category\">Comunicados<\/a>, <a href=\"http:\/\/www.ugelsanchezcarrion.gob.pe\/?cat=27\" rel=\"category\">Contrataci\u00f3n Auxiliares<\/a><\/td><td>2024-03-20 20:33:00<\/td><\/tr><tr><td>2024\/03\/18<\/td><td><a href=\"http:\/\/www.ugelsanchezcarrion.gob.pe\/?p=21348\">COMUNICADO DE ADJUDICACI\u00d3N DE AUXILIARES DE EDUCACI\u00d3N 2024   <span class=\"label label-danger\">CERRADO<\/span><\/a><\/td><td><a href=\"http:\/\/www.ugelsanchezcarrion.gob.pe\/?cat=10\" rel=\"category\">Comunicados<\/a>, <a href=\"http:\/\/www.ugelsanchezcarrion.gob.pe\/?cat=27\" rel=\"category\">Contrataci\u00f3n Auxiliares<\/a><\/td><td>2024-03-18 16:30:00<\/td><\/tr><tr><td>2024\/03\/14<\/td><td><a href=\"http:\/\/www.ugelsanchezcarrion.gob.pe\/?p=21297\">ADJUDICACI\u00d3N &#8211; AUXILIARES DE EDUCACI\u00d3N 2024  <span class=\"label label-danger\">CERRADO<\/span><\/a><\/td><td><a href=\"http:\/\/www.ugelsanchezcarrion.gob.pe\/?cat=10\" rel=\"category\">Comunicados<\/a>, <a href=\"http:\/\/www.ugelsanchezcarrion.gob.pe\/?cat=27\" rel=\"category\">Contrataci\u00f3n Auxiliares<\/a><\/td><td>2024-03-14 20:33:00<\/td><\/tr><tr><td>2023\/03\/31<\/td><td><a href=\"http:\/\/www.ugelsanchezcarrion.gob.pe\/?p=18983\">ADJUDICACI\u00d3N NUEVAS PLAZAS AUXILIARES DE EDUCACI\u00d3N NIVEL SECUNDARIA<\/a><\/td><td><a href=\"http:\/\/www.ugelsanchezcarrion.gob.pe\/?cat=27\" rel=\"category\">Contrataci\u00f3n Auxiliares<\/a><\/td><td>2023-03-31 20:02:00<\/td><\/tr><tr><td>2023\/02\/16<\/td><td><a href=\"http:\/\/www.ugelsanchezcarrion.gob.pe\/?p=18301\">COMUNICADO DE LA ADJUDICACI\u00d3N DE CONTRATO DE AUXILIARES DE EDUCACI\u00d3N 2023<\/a><\/td><td><a href=\"http:\/\/www.ugelsanchezcarrion.gob.pe\/?cat=10\" rel=\"category\">Comunicados<\/a>, <a href=\"http:\/\/www.ugelsanchezcarrion.gob.pe\/?cat=27\" rel=\"category\">Contrataci\u00f3n Auxiliares<\/a><\/td><td>2023-02-16 17:28:36<\/td><\/tr><tr><td>2023\/02\/15<\/td><td><a href=\"http:\/\/www.ugelsanchezcarrion.gob.pe\/?p=18281\">RESULTADOS FINALES DE AUXILIARES &#8211; 2023<\/a><\/td><td><a href=\"http:\/\/www.ugelsanchezcarrion.gob.pe\/?cat=27\" rel=\"category\">Contrataci\u00f3n Auxiliares<\/a><\/td><td>2023-02-15 23:03:00<\/td><\/tr><tr><td>2023\/01\/23<\/td><td><a href=\"http:\/\/www.ugelsanchezcarrion.gob.pe\/?p=17967\">APROBAR EL CRONOGRAMA REGIONAL, PARA LA CONTRATACI\u00d3N DE AUXILIARES DE EDUCACI\u00d3N EN INSTITUCIONES EDUCATIVAS P\u00daBLICAS DE LOS NIVELES DE EDUCACI\u00d3N INICIAL Y EDUCACI\u00d3N SECUNDARIA DE LA EDUCACI\u00d3N B\u00c1SICA REGULAR Y DE LA EDUCACI\u00d3N B\u00c1SICA ESPECIAL &#8211; 2023.<\/a><\/td><td><a href=\"http:\/\/www.ugelsanchezcarrion.gob.pe\/?cat=10\" rel=\"category\">Comunicados<\/a>, <a href=\"http:\/\/www.ugelsanchezcarrion.gob.pe\/?cat=27\" rel=\"category\">Contrataci\u00f3n Auxiliares<\/a><\/td><td>2023-01-23 10:08:18<\/td><\/tr><tr><td>2023\/01\/10<\/td><td><a href=\"http:\/\/www.ugelsanchezcarrion.gob.pe\/?p=17830\">PROCEDIMIENTO PARA EL PROCESO DE DESTAQUE DE DOCENTE 2023<\/a><\/td><td><a href=\"http:\/\/www.ugelsanchezcarrion.gob.pe\/?cat=27\" rel=\"category\">Contrataci\u00f3n Auxiliares<\/a><\/td><td>2023-01-10 18:57:51<\/td><\/tr><tr><td>2022\/04\/22<\/td><td><a href=\"http:\/\/www.ugelsanchezcarrion.gob.pe\/?p=15287\">COMUNICADO DE NUEVA PLAZA VACANTE DE CONTRATO AUXILIARES DE EDUCACI\u00d3N 2022 &#8211; UGEL S\u00c1NCHEZ CARRI\u00d3N<\/a><\/td><td><a href=\"http:\/\/www.ugelsanchezcarrion.gob.pe\/?cat=27\" rel=\"category\">Contrataci\u00f3n Auxiliares<\/a><\/td><td>2022-04-22 22:14:23<\/td><\/tr><tr><td>2022\/04\/01<\/td><td><a href=\"http:\/\/www.ugelsanchezcarrion.gob.pe\/?p=15152\">COMUNICADO DE NUEVAS PLAZAS VACANTES DE CONTRATO AUXILIARES DE EDUCACI\u00d3N 2022<\/a><\/td><td><a href=\"http:\/\/www.ugelsanchezcarrion.gob.pe\/?cat=27\" rel=\"category\">Contrataci\u00f3n Auxiliares<\/a><\/td><td>2022-04-01 23:55:00<\/td><\/tr><tr><td>2022\/03\/07<\/td><td><a href=\"http:\/\/www.ugelsanchezcarrion.gob.pe\/?p=14657\">PLAZAS PARA CONTRATO SEG\u00daN CUADRO DE M\u00c9RITOS AUXILIARES DE EDUCACI\u00d3N NIVEL INICIAL ADJUDICACI\u00d3N PRESENCIAL 08\/03\/22<\/a><\/td><td><a href=\"http:\/\/www.ugelsanchezcarrion.gob.pe\/?cat=27\" rel=\"category\">Contrataci\u00f3n Auxiliares<\/a><\/td><td>2022-03-07 17:42:50<\/td><\/tr><tr><td>2022\/03\/01<\/td><td><a href=\"http:\/\/www.ugelsanchezcarrion.gob.pe\/?p=14548\">PLAZA PARA CONTRATO SEG\u00daN CUADRO DE M\u00c9RITOS AUXILIARES DE EDUCACI\u00d3N NIVEL SECUNDARIA ADJUDICACI\u00d3N PRESENCIAL 02\/03\/22<\/a><\/td><td><a href=\"http:\/\/www.ugelsanchezcarrion.gob.pe\/?cat=27\" rel=\"category\">Contrataci\u00f3n Auxiliares<\/a><\/td><td>2022-03-01 17:47:07<\/td><\/tr><tr><td>2022\/02\/22<\/td><td><a href=\"http:\/\/www.ugelsanchezcarrion.gob.pe\/?p=14430\">PLAZA PARA CONTRATO SEG\u00daN CUADRO DE M\u00c9RITOS AUXILIARES DE EDUCACI\u00d3N NIVEL INICIAL ADJUDICACI\u00d3N PRESENCIAL 23\/02\/22<\/a><\/td><td><a href=\"http:\/\/www.ugelsanchezcarrion.gob.pe\/?cat=27\" rel=\"category\">Contrataci\u00f3n Auxiliares<\/a><\/td><td>2022-02-22 13:02:52<\/td><\/tr><tr><td>2022\/02\/14<\/td><td><a href=\"http:\/\/www.ugelsanchezcarrion.gob.pe\/?p=14218\">PROCESO DE CONTRATACI\u00d3N DE AUXILIARES DE EDUCACI\u00d3N 2022 &#8211; <span class=\"label label-danger\">Actualizado 14\/02\/2022<\/span><\/a><\/td><td><a href=\"http:\/\/www.ugelsanchezcarrion.gob.pe\/?cat=27\" rel=\"category\">Contrataci\u00f3n Auxiliares<\/a><\/td><td>2022-02-14 20:10:00<\/td><\/tr><tr><td>2021\/11\/29<\/td><td><a href=\"http:\/\/www.ugelsanchezcarrion.gob.pe\/?p=13828\">PLAZA PARA CONTRATO SEG\u00daN CUADRO DE M\u00c9RITOS AUXILIARES DE EDUCACI\u00d3N NIVEL SECUNDARIA ADJUDICACI\u00d3N PRESENCIAL 30\/11\/21<\/a><\/td><td><a href=\"http:\/\/www.ugelsanchezcarrion.gob.pe\/?cat=27\" rel=\"category\">Contrataci\u00f3n Auxiliares<\/a><\/td><td>2021-11-29 19:05:28<\/td><\/tr><tr><td>2021\/11\/04<\/td><td><a href=\"http:\/\/www.ugelsanchezcarrion.gob.pe\/?p=12950\">PROCESO NOMBRAMIENTO POR CONCURSO P\u00daBLICO AUXILIARES DE EDUCACI\u00d3N EN II.EE. PUBLICAS &#8211; 2021 <span class=\"label label-danger\">Actualizado 08\/11\/21<\/span> ADJUDICACI\u00d3N<\/a><\/td><td><a href=\"http:\/\/www.ugelsanchezcarrion.gob.pe\/?cat=27\" rel=\"category\">Contrataci\u00f3n Auxiliares<\/a><\/td><td>2021-11-04 17:58:00<\/td><\/tr><tr><td>2021\/08\/24<\/td><td><a href=\"http:\/\/www.ugelsanchezcarrion.gob.pe\/?p=12870\">PLAZA PARA CONTRATO SEG\u00daN CUADRO DE M\u00c9RITOS AUXILIARES DE EDUCACI\u00d3N NIVEL SECUNDARIA ADJUDICACI\u00d3N PRESENCIAL 25\/08\/21<\/a><\/td><td><a href=\"http:\/\/www.ugelsanchezcarrion.gob.pe\/?cat=27\" rel=\"category\">Contrataci\u00f3n Auxiliares<\/a><\/td><td>2021-08-24 13:04:43<\/td><\/tr><tr><td>2021\/08\/18<\/td><td><a href=\"http:\/\/www.ugelsanchezcarrion.gob.pe\/?p=12831\">PLAZAS PARA CONTRATO SEG\u00daN CUADRO DE M\u00c9RITOS AUXILIARES DE EDUCACI\u00d3N NIVEL INICIAL ADJUDICACI\u00d3N PRESENCIAL 20\/08\/21<\/a><\/td><td><a href=\"http:\/\/www.ugelsanchezcarrion.gob.pe\/?cat=27\" rel=\"category\">Contrataci\u00f3n Auxiliares<\/a><\/td><td>2021-08-18 10:39:19<\/td><\/tr><tr><td>2021\/08\/13<\/td><td><a href=\"http:\/\/www.ugelsanchezcarrion.gob.pe\/?p=12816\">PLAZAS PARA CONTRATO SEG\u00daN CUADRO DE M\u00c9RITOS AUXILIARES DE EDUCACI\u00d3N NIVEL SECUNDARIA ADJUDICACI\u00d3N PRESENCIAL 16\/08\/21<\/a><\/td><td><a href=\"http:\/\/www.ugelsanchezcarrion.gob.pe\/?cat=27\" rel=\"category\">Contrataci\u00f3n Auxiliares<\/a><\/td><td>2021-08-13 17:04:35<\/td><\/tr><tr><td>2021\/07\/02<\/td><td><a href=\"http:\/\/www.ugelsanchezcarrion.gob.pe\/?p=12660\">PLAZAS PARA CONTRATO SEG\u00daN CUADRO DE M\u00c9RITOS AUXILIARES DE EDUCACI\u00d3N NIVEL SECUNDARIA ADJUDICACI\u00d3N PRESENCIAL 05\/07\/21<\/a><\/td><td><a href=\"http:\/\/www.ugelsanchezcarrion.gob.pe\/?cat=27\" rel=\"category\">Contrataci\u00f3n Auxiliares<\/a><\/td><td>2021-07-02 12:59:46<\/td><\/tr><tr><td>2021\/05\/04<\/td><td><a href=\"http:\/\/www.ugelsanchezcarrion.gob.pe\/?p=11988\">PLAZA PARA CONTRATO SEG\u00daN CUADRO DE M\u00c9RITOS AUXILIARES DE EDUCACI\u00d3N NIVEL SECUNDARIA ADJUDICACI\u00d3N PRESENCIAL 05\/05\/21<\/a><\/td><td><a href=\"http:\/\/www.ugelsanchezcarrion.gob.pe\/?cat=27\" rel=\"category\">Contrataci\u00f3n Auxiliares<\/a><\/td><td>2021-05-04 11:56:57<\/td><\/tr><tr><td>2021\/03\/04<\/td><td><a href=\"http:\/\/www.ugelsanchezcarrion.gob.pe\/?p=11369\">PLAZAS POR RENUNCIA AUXILIARES DE EDUCACI\u00d3N ADJUDICACI\u00d3N PRESENCIAL 05\/03\/21<\/a><\/td><td><a href=\"http:\/\/www.ugelsanchezcarrion.gob.pe\/?cat=27\" rel=\"category\">Contrataci\u00f3n Auxiliares<\/a><\/td><td>2021-03-04 19:17:33<\/td><\/tr><tr><td>2021\/02\/26<\/td><td><a href=\"http:\/\/www.ugelsanchezcarrion.gob.pe\/?p=11323\">PLAZAS POR RENUNCIA AUXILIARES DE EDUCACI\u00d3N ADJUDICACI\u00d3N 26\/02\/21<\/a><\/td><td><a href=\"http:\/\/www.ugelsanchezcarrion.gob.pe\/?cat=27\" rel=\"category\">Contrataci\u00f3n Auxiliares<\/a><\/td><td>2021-02-26 12:06:43<\/td><\/tr><tr><td>2021\/02\/16<\/td><td><a href=\"http:\/\/www.ugelsanchezcarrion.gob.pe\/?p=10848\">PROCESO DE CONTRATACI\u00d3N DE AUXILIARES DE EDUCACI\u00d3N 2021 <span class=\"label label-danger\">Actualizado 16\/02\/21<\/span><\/a><\/td><td><a href=\"http:\/\/www.ugelsanchezcarrion.gob.pe\/?cat=10\" rel=\"category\">Comunicados<\/a>, <a href=\"http:\/\/www.ugelsanchezcarrion.gob.pe\/?cat=27\" rel=\"category\">Contrataci\u00f3n Auxiliares<\/a><\/td><td>2021-02-16 16:16:13<\/td><\/tr><tr><td>2020\/10\/28<\/td><td><a href=\"http:\/\/www.ugelsanchezcarrion.gob.pe\/?p=10254\">PROCESO DE REASIGNACI\u00d3N DE AUXILIARES DE EDUCACI\u00d3N 2020 QUEDA DESIERTA<\/a><\/td><td><a href=\"http:\/\/www.ugelsanchezcarrion.gob.pe\/?cat=10\" rel=\"category\">Comunicados<\/a>, <a href=\"http:\/\/www.ugelsanchezcarrion.gob.pe\/?cat=27\" rel=\"category\">Contrataci\u00f3n Auxiliares<\/a><\/td><td>2020-10-28 17:02:14<\/td><\/tr><tr><td>2020\/10\/12<\/td><td><a href=\"http:\/\/www.ugelsanchezcarrion.gob.pe\/?p=10105\">Proceso de reasignaci\u00f3n auxiliares de educaci\u00f3n 2020 por inter\u00e9s personal y unidad familiar <span class=\"label label-danger\">Cerrado<\/span><\/a><\/td><td><a href=\"http:\/\/www.ugelsanchezcarrion.gob.pe\/?cat=10\" rel=\"category\">Comunicados<\/a>, <a href=\"http:\/\/www.ugelsanchezcarrion.gob.pe\/?cat=27\" rel=\"category\">Contrataci\u00f3n Auxiliares<\/a><\/td><td>2020-10-12 22:30:21<\/td><\/tr><tr><td>2020\/03\/10<\/td><td><a href=\"http:\/\/www.ugelsanchezcarrion.gob.pe\/?p=9146\">PLAZA VACANTE POR RENUNCIA PARA AUXILIARES NIVEL INICIAL SEG\u00daN CUADRO DE M\u00c9RITOS NIVEL SECUNDARIA TRAER EXPEDIENTE, d\u00eda de adjudicaci\u00f3n 12\/03\/20<\/a><\/td><td><a href=\"http:\/\/www.ugelsanchezcarrion.gob.pe\/?cat=27\" rel=\"category\">Contrataci\u00f3n Auxiliares<\/a><\/td><td>2020-03-10 22:59:54<\/td><\/tr><tr><td>2020\/01\/29<\/td><td><a href=\"http:\/\/www.ugelsanchezcarrion.gob.pe\/?p=8758\">PROCESO DE CONTRATACI\u00d3N DE AUXILIARES 2020 <span class=\"label label-success\">Finales<\/span><\/a><\/td><td><a href=\"http:\/\/www.ugelsanchezcarrion.gob.pe\/?cat=27\" rel=\"category\">Contrataci\u00f3n Auxiliares<\/a><\/td><td>2020-01-29 10:07:52<\/td><\/tr><tr><td>2019\/10\/02<\/td><td><a href=\"http:\/\/www.ugelsanchezcarrion.gob.pe\/?p=8165\">PROCEDIMIENTO DE REASIGNACI\u00d3N POR CASUALES DE INTER\u00c9S PERSONAL Y DE UNIDAD FAMILIAR PARA AUXILIARES DE EDUCACI\u00d3N.<\/a><\/td><td><a href=\"http:\/\/www.ugelsanchezcarrion.gob.pe\/?cat=27\" rel=\"category\">Contrataci\u00f3n Auxiliares<\/a><\/td><td>2019-10-02 10:35:53<\/td><\/tr><tr><td>2018\/03\/19<\/td><td><a href=\"http:\/\/www.ugelsanchezcarrion.gob.pe\/?p=3547\">PLAZA VACANTE POR RENUNCIA PARA AUXILIARES QUE SE ENCUENTREN EN EL CUADRO DE M\u00c9RITOS<\/a><\/td><td><a href=\"http:\/\/www.ugelsanchezcarrion.gob.pe\/?cat=27\" rel=\"category\">Contrataci\u00f3n Auxiliares<\/a><\/td><td>2018-03-19 14:54:57<\/td><\/tr><\/tbody><\/table>\n","protected":false},"excerpt":{"rendered":"","protected":false},"author":1,"featured_media":0,"parent":0,"menu_order":0,"comment_status":"closed","ping_status":"closed","template":"","meta":[],"_links":{"self":[{"href":"http:\/\/www.ugelsanchezcarrion.gob.pe\/index.php?rest_route=\/wp\/v2\/pages\/8019"}],"collection":[{"href":"http:\/\/www.ugelsanchezcarrion.gob.pe\/index.php?rest_route=\/wp\/v2\/pages"}],"about":[{"href":"http:\/\/www.ugelsanchezcarrion.gob.pe\/index.php?rest_route=\/wp\/v2\/types\/page"}],"author":[{"embeddable":true,"href":"http:\/\/www.ugelsanchezcarrion.gob.pe\/index.php?rest_route=\/wp\/v2\/users\/1"}],"replies":[{"embeddable":true,"href":"http:\/\/www.ugelsanchezcarrion.gob.pe\/index.php?rest_route=%2Fwp%2Fv2%2Fcomments&post=8019"}],"version-history":[{"count":4,"href":"http:\/\/www.ugelsanchezcarrion.gob.pe\/index.php?rest_route=\/wp\/v2\/pages\/8019\/revisions"}],"predecessor-version":[{"id":8386,"href":"http:\/\/www.ugelsanchezcarrion.gob.pe\/index.php?rest_route=\/wp\/v2\/pages\/8019\/revisions\/8386"}],"wp:attachment":[{"href":"http:\/\/www.ugelsanchezcarrion.gob.pe\/index.php?rest_route=%2Fwp%2Fv2%2Fmedia&parent=8019"}],"curies":[{"name":"wp","href":"https:\/\/api.w.org\/{rel}","templated":true}]}}