{"id":8276,"date":"2019-10-18T11:43:46","date_gmt":"2019-10-18T16:43:46","guid":{"rendered":"http:\/\/www.ugelsanchezcarrion.gob.pe\/?page_id=8276"},"modified":"2019-10-22T12:53:04","modified_gmt":"2019-10-22T17:53:04","slug":"resoluciones-directorales-2019","status":"publish","type":"page","link":"http:\/\/www.ugelsanchezcarrion.gob.pe\/?page_id=8276","title":{"rendered":"Resoluciones Directorales 2019"},"content":{"rendered":"\n<table id=\"tablepress-11\" class=\"tablepress tablepress-id-11\">\n<thead>\n<tr class=\"row-1 odd\">\n\t<th class=\"column-1\">Fecha<\/th><th class=\"column-2\">Resoluci\u00f3n <br \/>\nDirectoral<\/th><th class=\"column-3\">Descripci\u00f3n<\/th><th class=\"column-4\">Descargar<\/th>\n<\/tr>\n<\/thead>\n<tbody class=\"row-hover\">\n<tr class=\"row-2 even\">\n\t<td class=\"column-1\">23\/05\/2019<\/td><td class=\"column-2\">R.D. UGEL S.C. N\u00b0 003001<\/td><td class=\"column-3\">ENCARGAR LA FUNCI\u00d3N DE DIRECTOR EN LA I.E. Y AL PERSONAL QUE SE INDICA<\/td><td class=\"column-4\"><a href=\"http:\/\/www.ugelsanchezcarrion.gob.pe\/wordpress\/wp-content\/uploads\/2019\/10\/R.D.-UGEL-S.C.-N\u00b0-003001.pdf\" target=\"_blank\" title=\"Descargar\"><br \/>\n    <img src=\"http:\/\/www.ugelsanchezcarrion.gob.pe\/wordpress\/wp-content\/uploads\/2018\/10\/images.png\" alt=\"\" style=\"width:38px;\"><br \/>\n<\/a><\/td>\n<\/tr>\n<tr class=\"row-3 odd\">\n\t<td class=\"column-1\">23\/05\/2019<\/td><td class=\"column-2\">R.D. UGEL S.C. N\u00b0 003002<\/td><td class=\"column-3\">ENCARGAR LA FUNCI\u00d3N DE DIRECTOR EN LA I.E. Y AL PERSONAL QUE SE INDICA<\/td><td class=\"column-4\"><a href=\"http:\/\/www.ugelsanchezcarrion.gob.pe\/wordpress\/wp-content\/uploads\/2019\/10\/R.D.-UGEL-S.C.-N\u00b0-003002.pdf\" target=\"_blank\" title=\"Descargar\"><br \/>\n    <img src=\"http:\/\/www.ugelsanchezcarrion.gob.pe\/wordpress\/wp-content\/uploads\/2018\/10\/images.png\" alt=\"\" style=\"width:38px;\"><br \/>\n<\/a><\/td>\n<\/tr>\n<tr class=\"row-4 even\">\n\t<td class=\"column-1\">23\/05\/2019<\/td><td class=\"column-2\">R.D. UGEL S.C. N\u00b0 003003<\/td><td class=\"column-3\">ENCARGAR LA FUNCI\u00d3N DE DIRECTOR EN LA I.E. Y AL PERSONAL QUE SE INDICA<\/td><td class=\"column-4\"><a href=\"http:\/\/www.ugelsanchezcarrion.gob.pe\/wordpress\/wp-content\/uploads\/2019\/10\/R.D.-UGEL-S.C.-N\u00b0-003003.pdf\" target=\"_blank\" title=\"Descargar\"><br \/>\n    <img src=\"http:\/\/www.ugelsanchezcarrion.gob.pe\/wordpress\/wp-content\/uploads\/2018\/10\/images.png\" alt=\"\" style=\"width:38px;\"><br \/>\n<\/a><\/td>\n<\/tr>\n<tr class=\"row-5 odd\">\n\t<td class=\"column-1\">23\/05\/2019<\/td><td class=\"column-2\">R.D. UGEL S.C. N\u00b0 003004<\/td><td class=\"column-3\">ENCARGAR LA FUNCI\u00d3N DE DIRECTOR EN LA I.E. Y AL PERSONAL QUE SE INDICA<\/td><td class=\"column-4\"><a href=\"http:\/\/www.ugelsanchezcarrion.gob.pe\/wordpress\/wp-content\/uploads\/2019\/10\/R.D.-UGEL-S.C.-N\u00b0-003004.pdf\" target=\"_blank\" title=\"Descargar\"><br \/>\n    <img src=\"http:\/\/www.ugelsanchezcarrion.gob.pe\/wordpress\/wp-content\/uploads\/2018\/10\/images.png\" alt=\"\" style=\"width:38px;\"><br \/>\n<\/a><\/td>\n<\/tr>\n<tr class=\"row-6 even\">\n\t<td class=\"column-1\">23\/05\/2019<\/td><td class=\"column-2\">R.D. UGEL S.C. N\u00b0 003005<\/td><td class=\"column-3\">ENCARGAR LA FUNCI\u00d3N DE DIRECTOR EN LA I.E. Y AL PERSONAL QUE SE INDICA<\/td><td class=\"column-4\"><a href=\"http:\/\/www.ugelsanchezcarrion.gob.pe\/wordpress\/wp-content\/uploads\/2019\/10\/R.D.-UGEL-S.C.-N\u00b0-003005.pdf\" target=\"_blank\" title=\"Descargar\"><br \/>\n    <img src=\"http:\/\/www.ugelsanchezcarrion.gob.pe\/wordpress\/wp-content\/uploads\/2018\/10\/images.png\" alt=\"\" style=\"width:38px;\"><br \/>\n<\/a><\/td>\n<\/tr>\n<tr class=\"row-7 odd\">\n\t<td class=\"column-1\">03\/06\/2019<\/td><td class=\"column-2\">R.D. UGEL S.C. N\u00b0 003140<\/td><td class=\"column-3\">APROVAR DIRECTIVA N\u00b0 001-2019-GRLL-FRSE-UGEL-SC\/AA-EP<\/td><td class=\"column-4\"><a href=\"http:\/\/www.ugelsanchezcarrion.gob.pe\/wordpress\/wp-content\/uploads\/2019\/10\/R.D.-UGEL-S.C.-N\u00b0-003140.pdf\" target=\"_blank\" title=\"Descargar\"><br \/>\n    <img src=\"http:\/\/www.ugelsanchezcarrion.gob.pe\/wordpress\/wp-content\/uploads\/2018\/10\/images.png\" alt=\"\" style=\"width:38px;\"><br \/>\n<\/a><\/td>\n<\/tr>\n<tr class=\"row-8 even\">\n\t<td class=\"column-1\">03\/06\/2019<\/td><td class=\"column-2\">R.D. UGEL S.C. N\u00b0 003141<\/td><td class=\"column-3\">CONCEDER LICENCIA SIN GOCE DE HABER POR MOTIVOS PARTICULARES<\/td><td class=\"column-4\"><a href=\"http:\/\/www.ugelsanchezcarrion.gob.pe\/wordpress\/wp-content\/uploads\/2019\/10\/R.D.-UGEL-S.C.-N\u00b0-003141.pdf\" target=\"_blank\" title=\"Descargar\"><br \/>\n    <img src=\"http:\/\/www.ugelsanchezcarrion.gob.pe\/wordpress\/wp-content\/uploads\/2018\/10\/images.png\" alt=\"\" style=\"width:38px;\"><br \/>\n<\/a><\/td>\n<\/tr>\n<tr class=\"row-9 odd\">\n\t<td class=\"column-1\">03\/06\/2019<\/td><td class=\"column-2\">R.D. UGEL S.C. N\u00b0 003167<\/td><td class=\"column-3\">REGULARIZAR Y APROBAR EL PROYECTO DENOMINADO \u201cRIPUSAQ QANWAN\u201d EN II.EE. FOCALIZADAS<\/td><td class=\"column-4\"><a href=\"http:\/\/www.ugelsanchezcarrion.gob.pe\/wordpress\/wp-content\/uploads\/2019\/10\/R.D.-UGEL-S.C.-N\u00b0-003167.pdf\" target=\"_blank\" title=\"Descargar\"><br \/>\n    <img src=\"http:\/\/www.ugelsanchezcarrion.gob.pe\/wordpress\/wp-content\/uploads\/2018\/10\/images.png\" alt=\"\" style=\"width:38px;\"><br \/>\n<\/a><\/td>\n<\/tr>\n<tr class=\"row-10 even\">\n\t<td class=\"column-1\">04\/06\/2019<\/td><td class=\"column-2\">R.D. UGEL S.C. N\u00b0 003168<\/td><td class=\"column-3\">CONCEDER LICENCIA SIN GOCE DE REMUNERACIONES POR MOTIVOS PARTICULARES<\/td><td class=\"column-4\"><a href=\"http:\/\/www.ugelsanchezcarrion.gob.pe\/wordpress\/wp-content\/uploads\/2019\/10\/R.D.-UGEL-S.C.-N\u00b0-003168.pdf\" target=\"_blank\" title=\"Descargar\"><br \/>\n    <img src=\"http:\/\/www.ugelsanchezcarrion.gob.pe\/wordpress\/wp-content\/uploads\/2018\/10\/images.png\" alt=\"\" style=\"width:38px;\"><br \/>\n<\/a><\/td>\n<\/tr>\n<tr class=\"row-11 odd\">\n\t<td class=\"column-1\">07\/06\/2019<\/td><td class=\"column-2\">R.D. UGEL S.C. N\u00b0 003192<\/td><td class=\"column-3\">DEJAR SIN EFECTOS EN TODOS SUS EXTREMOS LA R.D. N\u00b0 002693 Y MODIFICAR LA R.D. N\u00b0 00825<\/td><td class=\"column-4\"><a href=\"http:\/\/www.ugelsanchezcarrion.gob.pe\/wordpress\/wp-content\/uploads\/2019\/10\/R.D.-UGEL-S.C.-N\u00b0-003192.pdf\" target=\"_blank\" title=\"Descargar\"><br \/>\n    <img src=\"http:\/\/www.ugelsanchezcarrion.gob.pe\/wordpress\/wp-content\/uploads\/2018\/10\/images.png\" alt=\"\" style=\"width:38px;\"><br \/>\n<\/a><\/td>\n<\/tr>\n<tr class=\"row-12 even\">\n\t<td class=\"column-1\">20\/06\/2019<\/td><td class=\"column-2\">R.D. UGEL S.C. N\u00b0 003216<\/td><td class=\"column-3\">DEJAR SIN EFECTO, A PARTIR DE LA FECHA QUE PARA CADA CASO SE INDICA, LAS R.D. DEL PERSONAL SIGUIENTE<\/td><td class=\"column-4\"><a href=\"http:\/\/www.ugelsanchezcarrion.gob.pe\/wordpress\/wp-content\/uploads\/2019\/10\/R.D.-UGEL-S.C.-N\u00b0-003216.pdf\" target=\"_blank\" title=\"Descargar\"><br \/>\n    <img src=\"http:\/\/www.ugelsanchezcarrion.gob.pe\/wordpress\/wp-content\/uploads\/2018\/10\/images.png\" alt=\"\" style=\"width:38px;\"><br \/>\n<\/a><\/td>\n<\/tr>\n<tr class=\"row-13 odd\">\n\t<td class=\"column-1\">02\/07\/2019<\/td><td class=\"column-2\">R.D. UGEL S.C. N\u00b0 003493<\/td><td class=\"column-3\">CONSTITUIR EL COMIT\u00c9 DE EVALUACI\u00d3N DE LA UGEL-SC NIVEL INICIAL<\/td><td class=\"column-4\"><a href=\"http:\/\/www.ugelsanchezcarrion.gob.pe\/wordpress\/wp-content\/uploads\/2019\/10\/R.D.-UGEL-S.C.-N\u00b0-003493.pdf\" target=\"_blank\" title=\"Descargar\"><br \/>\n    <img src=\"http:\/\/www.ugelsanchezcarrion.gob.pe\/wordpress\/wp-content\/uploads\/2018\/10\/images.png\" alt=\"\" style=\"width:38px;\"><br \/>\n<\/a><\/td>\n<\/tr>\n<tr class=\"row-14 even\">\n\t<td class=\"column-1\">01\/08\/2019<\/td><td class=\"column-2\">R.D. UGEL S.C. N\u00b0 003724<\/td><td class=\"column-3\">APROBAR DIRECTIVA N\u00b0 0010-2019GRLL-GGR-GRSE-UGEL-SC-AGP\/DIR<\/td><td class=\"column-4\"><a href=\"http:\/\/www.ugelsanchezcarrion.gob.pe\/wordpress\/wp-content\/uploads\/2019\/10\/R.D.-UGEL-S.C.-N\u00b0-003724.pdf\" target=\"_blank\" title=\"Descargar\"><br \/>\n    <img src=\"http:\/\/www.ugelsanchezcarrion.gob.pe\/wordpress\/wp-content\/uploads\/2018\/10\/images.png\" alt=\"\" style=\"width:38px;\"><br \/>\n<\/a><\/td>\n<\/tr>\n<tr class=\"row-15 odd\">\n\t<td class=\"column-1\">08\/08\/2019<\/td><td class=\"column-2\">R.D. UGEL S.C. N\u00b0 003725<\/td><td class=\"column-3\">DECLARAR EXCEDENTE, A PARTIR DE LA EMISI\u00d3N DE LA PRESENTE RESOLUCI\u00d3N, PLAZA INICIAL.<\/td><td class=\"column-4\"><a href=\"http:\/\/www.ugelsanchezcarrion.gob.pe\/wordpress\/wp-content\/uploads\/2019\/10\/R.D.-UGEL-S.C.-N\u00b0-003725.pdf\" target=\"_blank\" title=\"Descargar\"><br \/>\n    <img src=\"http:\/\/www.ugelsanchezcarrion.gob.pe\/wordpress\/wp-content\/uploads\/2018\/10\/images.png\" alt=\"\" style=\"width:38px;\"><br \/>\n<\/a><\/td>\n<\/tr>\n<tr class=\"row-16 even\">\n\t<td class=\"column-1\">09\/08\/2019<\/td><td class=\"column-2\">R.D. UGEL S.C. N\u00b0 003726<\/td><td class=\"column-3\">AUTORIZAR, EN V\u00cdAS DE REGULARIZACI\u00d3N EL RECESO TEMPORAL FUNCIONARIO I.E. PRIVADA PIT\u00c1GORAS<\/td><td class=\"column-4\"><a href=\"http:\/\/www.ugelsanchezcarrion.gob.pe\/wordpress\/wp-content\/uploads\/2019\/10\/R.D.-UGEL-S.C.-N\u00b0-003726.pdf\" target=\"_blank\" title=\"Descargar\"><br \/>\n    <img src=\"http:\/\/www.ugelsanchezcarrion.gob.pe\/wordpress\/wp-content\/uploads\/2018\/10\/images.png\" alt=\"\" style=\"width:38px;\"><br \/>\n<\/a><\/td>\n<\/tr>\n<tr class=\"row-17 odd\">\n\t<td class=\"column-1\">27\/08\/2019<\/td><td class=\"column-2\">R.D. UGEL S.C. N\u00b0 003839<\/td><td class=\"column-3\">APROBAR, EL PLAN DE FORTALECIMIENTO DE LA GESTI\u00d3N ADMINISTRATIVA E INSTITUCIONAL<\/td><td class=\"column-4\"><a href=\"http:\/\/www.ugelsanchezcarrion.gob.pe\/wordpress\/wp-content\/uploads\/2019\/10\/R.D.-UGEL-S.C.-N\u00b0-003839.pdf\" target=\"_blank\" title=\"Descargar\"><br \/>\n    <img src=\"http:\/\/www.ugelsanchezcarrion.gob.pe\/wordpress\/wp-content\/uploads\/2018\/10\/images.png\" alt=\"\" style=\"width:38px;\"><br \/>\n<\/a><\/td>\n<\/tr>\n<tr class=\"row-18 even\">\n\t<td class=\"column-1\">02\/09\/2019<\/td><td class=\"column-2\">R.D. UGEL S.C. N\u00b0 003841<\/td><td class=\"column-3\">RETORNAR AL CARGO DE PROFESOR AL DOCENTE MENCIONADO<\/td><td class=\"column-4\"><a href=\"http:\/\/www.ugelsanchezcarrion.gob.pe\/wordpress\/wp-content\/uploads\/2019\/10\/R.D.-UGEL-S.C.-N\u00b0-003841.pdf\" target=\"_blank\" title=\"Descargar\"><br \/>\n    <img src=\"http:\/\/www.ugelsanchezcarrion.gob.pe\/wordpress\/wp-content\/uploads\/2018\/10\/images.png\" alt=\"\" style=\"width:38px;\"><br \/>\n<\/a><\/td>\n<\/tr>\n<tr class=\"row-19 odd\">\n\t<td class=\"column-1\">30\/09\/2019<\/td><td class=\"column-2\">R.D. UGEL S.C. N\u00b0 004062<\/td><td class=\"column-3\">CONCEDER, LICENCIA SIN GOCE DE REMUNERACIONES, POR MOTIVOS PARTICULARES AL PERSONAL QUE SE INDICA <\/td><td class=\"column-4\"><a href=\"http:\/\/www.ugelsanchezcarrion.gob.pe\/wordpress\/wp-content\/uploads\/2019\/10\/R.D.-UGEL-S.C.-N\u00b0-004062.pdf\" target=\"_blank\" title=\"Descargar\"><br \/>\n    <img src=\"http:\/\/www.ugelsanchezcarrion.gob.pe\/wordpress\/wp-content\/uploads\/2018\/10\/images.png\" alt=\"\" style=\"width:38px;\"><br \/>\n<\/a><\/td>\n<\/tr>\n<tr class=\"row-20 even\">\n\t<td class=\"column-1\">01\/10\/2019<\/td><td class=\"column-2\">R.D. UGEL S.C. N\u00b0 004063<\/td><td class=\"column-3\">RECONOCER Y FELICITAR A LAS II.EE. QUE HAN OCUPADO PRIMEROS PUESTOS CATEGORIA \u201cC\u201d Y \u201cD\u201d EUREKA 2019<\/td><td class=\"column-4\"><a href=\"http:\/\/www.ugelsanchezcarrion.gob.pe\/wordpress\/wp-content\/uploads\/2019\/10\/R.D.-UGEL-S.C.-N\u00b0-004063.pdf\" target=\"_blank\" title=\"Descargar\"><br \/>\n    <img src=\"http:\/\/www.ugelsanchezcarrion.gob.pe\/wordpress\/wp-content\/uploads\/2018\/10\/images.png\" alt=\"\" style=\"width:38px;\"><br \/>\n<\/a><\/td>\n<\/tr>\n<tr class=\"row-21 odd\">\n\t<td class=\"column-1\">17\/10\/2019<\/td><td class=\"column-2\">R.D. UGEL S.C. N\u00b0 004192<\/td><td class=\"column-3\">DAR POR CONCLUIDO, ENCARGATURA DE FUNCION DEL DIRECTOR DE I.E. N\u00b0 2060<\/td><td class=\"column-4\"><a href=\"http:\/\/www.ugelsanchezcarrion.gob.pe\/wordpress\/wp-content\/uploads\/2019\/10\/R.D.-UGEL-S.C.-N\u00b0-004192.pdf\" target=\"_blank\" title=\"Descargar\"><br \/>\n    <img src=\"http:\/\/www.ugelsanchezcarrion.gob.pe\/wordpress\/wp-content\/uploads\/2018\/10\/images.png\" alt=\"\" style=\"width:38px;\"><br \/>\n<\/a><\/td>\n<\/tr>\n<tr class=\"row-22 even\">\n\t<td class=\"column-1\">17\/10\/2019<\/td><td class=\"column-2\">R.D. UGEL S.C. N\u00b0 004193<\/td><td class=\"column-3\">CONCEDER, LICENCIA CON GOCE DE REMUNERACIONES, POR ENFERMEDAD, AL PERSONAL ADMINISTRATIVO QUE SE INDICA<\/td><td class=\"column-4\"><a href=\"http:\/\/www.ugelsanchezcarrion.gob.pe\/wordpress\/wp-content\/uploads\/2019\/10\/R.D.-UGEL-S.C.-N\u00b0-004193.pdf\" target=\"_blank\" title=\"Descargar\"><br \/>\n    <img src=\"http:\/\/www.ugelsanchezcarrion.gob.pe\/wordpress\/wp-content\/uploads\/2018\/10\/images.png\" alt=\"\" style=\"width:38px;\"><br \/>\n<\/a><\/td>\n<\/tr>\n<tr class=\"row-23 odd\">\n\t<td class=\"column-1\">17\/10\/2019<\/td><td class=\"column-2\">R.D. UGEL S.C. N\u00b0 004194<\/td><td class=\"column-3\">DEJAR SIN EFECTO, EL OTORGAMIENTO DE ASIGNACI\u00d3N MENSUAL DE PROPINA DEL PERSONAL PROMOTOR E.C.<\/td><td class=\"column-4\"><a href=\"http:\/\/www.ugelsanchezcarrion.gob.pe\/wordpress\/wp-content\/uploads\/2019\/10\/R.D.-UGEL-S.C.-N\u00b0-004194.pdf\" target=\"_blank\" title=\"Descargar\"><br \/>\n    <img src=\"http:\/\/www.ugelsanchezcarrion.gob.pe\/wordpress\/wp-content\/uploads\/2018\/10\/images.png\" alt=\"\" style=\"width:38px;\"><br \/>\n<\/a><\/td>\n<\/tr>\n<\/tbody>\n<\/table>\n<!-- #tablepress-11 from cache -->\n","protected":false},"excerpt":{"rendered":"","protected":false},"author":1,"featured_media":0,"parent":0,"menu_order":0,"comment_status":"closed","ping_status":"closed","template":"","meta":[],"_links":{"self":[{"href":"http:\/\/www.ugelsanchezcarrion.gob.pe\/index.php?rest_route=\/wp\/v2\/pages\/8276"}],"collection":[{"href":"http:\/\/www.ugelsanchezcarrion.gob.pe\/index.php?rest_route=\/wp\/v2\/pages"}],"about":[{"href":"http:\/\/www.ugelsanchezcarrion.gob.pe\/index.php?rest_route=\/wp\/v2\/types\/page"}],"author":[{"embeddable":true,"href":"http:\/\/www.ugelsanchezcarrion.gob.pe\/index.php?rest_route=\/wp\/v2\/users\/1"}],"replies":[{"embeddable":true,"href":"http:\/\/www.ugelsanchezcarrion.gob.pe\/index.php?rest_route=%2Fwp%2Fv2%2Fcomments&post=8276"}],"version-history":[{"count":2,"href":"http:\/\/www.ugelsanchezcarrion.gob.pe\/index.php?rest_route=\/wp\/v2\/pages\/8276\/revisions"}],"predecessor-version":[{"id":18726,"href":"http:\/\/www.ugelsanchezcarrion.gob.pe\/index.php?rest_route=\/wp\/v2\/pages\/8276\/revisions\/18726"}],"wp:attachment":[{"href":"http:\/\/www.ugelsanchezcarrion.gob.pe\/index.php?rest_route=%2Fwp%2Fv2%2Fmedia&parent=8276"}],"curies":[{"name":"wp","href":"https:\/\/api.w.org\/{rel}","templated":true}]}}