{"id":103,"date":"2016-11-07T09:51:25","date_gmt":"2016-11-07T14:51:25","guid":{"rendered":"http:\/\/localhost\/wordpress\/?page_id=103"},"modified":"2016-12-06T17:46:02","modified_gmt":"2016-12-06T22:46:02","slug":"area-de-gestion-institucional","status":"publish","type":"page","link":"https:\/\/www.ugelsanchezcarrion.gob.pe\/?page_id=103","title":{"rendered":"\u00c1rea de Gesti\u00f3n Institucional"},"content":{"rendered":"<p><strong>Art\u00edculo 09:<\/strong><\/p>\n<p>Los \u00d3rganos de L\u00ednea son responsables del cumplimiento de las funciones sustantivas de la Unidad de Gesti\u00f3n Educativa Local S\u00e1nchez Carri\u00f3n. Est\u00e1 conformada por el \u00c1rea de Gesti\u00f3n Pedag\u00f3gica y el \u00c1rea de Gesti\u00f3n Institucional.<\/p>\n<p>Son funciones del \u00c1rea de Gesti\u00f3n Institucional:<\/p>\n<p style=\"padding-left: 30px;\">a) Orientar y supervisar la aplicaci\u00f3n de la pol\u00edtica y normatividad educativa nacional y regional, en materia de gesti\u00f3n institucional, en las Instituciones Educativas de su \u00e1mbito territorial.<\/p>\n<p style=\"padding-left: 30px;\">b) Elaborar el plan estrat\u00e9gico de la Unidad de Gesti\u00f3n Educativa Local de S\u00e1nchez Carri\u00f3n y otros instrumentos de gesti\u00f3n institucional que orienten el desarrollo integral de la educaci\u00f3n fomentando su calidad y equidad.<\/p>\n<p style=\"padding-left: 30px;\">c) Asesorar y supervisar a las Instituciones Educativas en la elaboraci\u00f3n y aplicaci\u00f3n de instrumentos de gesti\u00f3n institucional.<\/p>\n<p style=\"padding-left: 30px;\">d) Elaborar estudios t\u00e9cnicos para autorizar la creaci\u00f3n, modificaci\u00f3n traslado, receso y reapertura de Instituciones Educativas P\u00fablicos y Privados, en base a la normatividad vigente.<\/p>\n<p style=\"padding-left: 30px;\">e) Dise\u00f1ar, organizar, ejecutar y supervisar programas de actualizaci\u00f3n y capacitaci\u00f3n continua en gesti\u00f3n institucional, del personal directivo, profesional y t\u00e9cnico que cumple funciones en esta \u00e1rea.<\/p>\n<p style=\"padding-left: 30px;\">f) Evaluar y medir la eficacia de la gesti\u00f3n institucional y participar en las acciones de evaluaci\u00f3n y mejoramiento de la gesti\u00f3n de las Instituciones Educativas.<\/p>\n<p style=\"padding-left: 30px;\">g) Elaborar proyectos de la modernizaci\u00f3n de la gesti\u00f3n y equipamiento para captar recursos de la cooperaci\u00f3n t\u00e9cnica y financiera a nivel local, regional, nacional e internacional.<\/p>\n<p style=\"padding-left: 30px;\">h) Orientar y asesorar la elaboraci\u00f3n, ejecuci\u00f3n y evaluaci\u00f3n de los planes institucionales y los planes de trabajo anual de las Instituciones Educativas a su cargo.<\/p>\n<p style=\"padding-left: 30px;\">i) Elaborar, ejecutar y evaluar el presupuesto anual de la Unidad de Gesti\u00f3n Educativa Local S\u00e1nchez Carri\u00f3n y realizar sus modificaciones, en los casos que sean unidades ejecutoras, sobre la base de objetivos y metas regionales y locales, con participaci\u00f3n de las Instituciones Educativas.<\/p>\n<p style=\"padding-left: 30px;\">j) Identificar la necesidad real de plazas docentes y administrativas en funci\u00f3n a la demanda de la poblaci\u00f3n escolar y sustentarla ante el \u00f3rgano regional competente.<\/p>\n<p style=\"padding-left: 30px;\">k) Racionalizar en forma efectiva los recursos materiales, f\u00edsicos, financieros y de personal, utilizados en la prestaci\u00f3n de servicios educativos a fin de lograr mayor equidad en su distribuci\u00f3n.<\/p>\n<p style=\"padding-left: 30px;\">l) Elaborar las estad\u00edsticas educativas y construir los indicadores que definan la calidad y pertinencia del servicio, utilizando los modernos sistemas de informaci\u00f3n.<\/p>\n<p style=\"padding-left: 30px;\">m) Identificar y sistematizar las necesidades de infraestructura, mobiliario y equipamiento de las Instituciones Educativas, especialmente en las zonas m\u00e1s desatendidas y solicitar su atenci\u00f3n a la Direcci\u00f3n Regional de Educaci\u00f3n.<\/p>\n<p style=\"padding-left: 30px;\">n) Supervisar e informar sobre la ejecuci\u00f3n de los programas de mantenimiento preventivo en las Instituciones Educativas P\u00fablicas.<\/p>\n","protected":false},"excerpt":{"rendered":"<p>Art\u00edculo 09: Los \u00d3rganos de L\u00ednea son responsables del cumplimiento de las funciones sustantivas de la Unidad de Gesti\u00f3n Educativa Local S\u00e1nchez Carri\u00f3n. Est\u00e1 conformada por el \u00c1rea de Gesti\u00f3n Pedag\u00f3gica y el \u00c1rea de Gesti\u00f3n Institucional. Son funciones del \u00c1rea de Gesti\u00f3n Institucional: a) Orientar y supervisar la aplicaci\u00f3n de la pol\u00edtica y normatividad&#8230;<\/p>\n","protected":false},"author":1,"featured_media":0,"parent":0,"menu_order":0,"comment_status":"closed","ping_status":"closed","template":"","meta":[],"_links":{"self":[{"href":"https:\/\/www.ugelsanchezcarrion.gob.pe\/index.php?rest_route=\/wp\/v2\/pages\/103"}],"collection":[{"href":"https:\/\/www.ugelsanchezcarrion.gob.pe\/index.php?rest_route=\/wp\/v2\/pages"}],"about":[{"href":"https:\/\/www.ugelsanchezcarrion.gob.pe\/index.php?rest_route=\/wp\/v2\/types\/page"}],"author":[{"embeddable":true,"href":"https:\/\/www.ugelsanchezcarrion.gob.pe\/index.php?rest_route=\/wp\/v2\/users\/1"}],"replies":[{"embeddable":true,"href":"https:\/\/www.ugelsanchezcarrion.gob.pe\/index.php?rest_route=%2Fwp%2Fv2%2Fcomments&post=103"}],"version-history":[{"count":6,"href":"https:\/\/www.ugelsanchezcarrion.gob.pe\/index.php?rest_route=\/wp\/v2\/pages\/103\/revisions"}],"predecessor-version":[{"id":601,"href":"https:\/\/www.ugelsanchezcarrion.gob.pe\/index.php?rest_route=\/wp\/v2\/pages\/103\/revisions\/601"}],"wp:attachment":[{"href":"https:\/\/www.ugelsanchezcarrion.gob.pe\/index.php?rest_route=%2Fwp%2Fv2%2Fmedia&parent=103"}],"curies":[{"name":"wp","href":"https:\/\/api.w.org\/{rel}","templated":true}]}}