{"id":2736,"date":"2017-10-25T21:39:37","date_gmt":"2017-10-26T02:39:37","guid":{"rendered":"http:\/\/38.242.151.198\/\/?page_id=2736"},"modified":"2026-02-12T19:52:22","modified_gmt":"2026-02-13T00:52:22","slug":"plan-anual-contrataciones-pac-evaluacion-modificaciones","status":"publish","type":"page","link":"https:\/\/www.ugelsanchezcarrion.gob.pe\/?page_id=2736","title":{"rendered":"Publicaci\u00f3n de Documentos Administrativos"},"content":{"rendered":"\t\t<div data-elementor-type=\"wp-page\" data-elementor-id=\"2736\" class=\"elementor elementor-2736\" data-elementor-settings=\"[]\">\n\t\t\t\t\t\t<div class=\"elementor-inner\">\n\t\t\t\t\t\t\t<div class=\"elementor-section-wrap\">\n\t\t\t\t\t\t\t<section class=\"elementor-section elementor-top-section elementor-element elementor-element-2e875841 elementor-section-boxed elementor-section-height-default elementor-section-height-default\" data-id=\"2e875841\" data-element_type=\"section\">\n\t\t\t\t\t\t<div class=\"elementor-container elementor-column-gap-default\">\n\t\t\t\t\t\t\t<div class=\"elementor-row\">\n\t\t\t\t\t<div class=\"elementor-column elementor-col-100 elementor-top-column elementor-element elementor-element-15f80c02\" data-id=\"15f80c02\" data-element_type=\"column\">\n\t\t\t<div class=\"elementor-column-wrap elementor-element-populated\">\n\t\t\t\t\t\t\t<div class=\"elementor-widget-wrap\">\n\t\t\t\t\t\t<div class=\"elementor-element elementor-element-2f07e03e elementor-widget elementor-widget-text-editor\" data-id=\"2f07e03e\" data-element_type=\"widget\" data-widget_type=\"text-editor.default\">\n\t\t\t\t<div class=\"elementor-widget-container\">\n\t\t\t\t\t\t\t\t<div class=\"elementor-text-editor elementor-clearfix\">\n\t\t\t\t\n<table id=\"tablepress-4\" class=\"tablepress tablepress-id-4\">\n<thead>\n<tr class=\"row-1 odd\">\n\t<th class=\"column-1\">Fecha<\/th><th class=\"column-2\">Resoluci\u00f3n Directoral<\/th><th class=\"column-3\">Descripci\u00f3n<\/th><th class=\"column-4\">Descargar<\/th>\n<\/tr>\n<\/thead>\n<tbody class=\"row-hover\">\n<tr class=\"row-2 even\">\n\t<td class=\"column-1\"><span class=\"label label-success\">12-01-2026<\/span><\/td><td class=\"column-2\">Anexo N\u00b0 02 &#8211; Cuadro Multianual de Necesidades 2026<\/td><td class=\"column-3\">Cuadro Multianual de Necesidades &#8211; CMN 2026<\/td><td class=\"column-4\"><a href=\"http:\/\/www.ugelsanchezcarrion.gob.pe\/wordpress\/wp-content\/uploads\/2026\/01\/Anexo_02-841-2026-CMN2026.pdf\" target=\"_blank\" title=\"Descargar\" rel=\"noopener\"><br \/>\n    <img src=\"http:\/\/www.ugelsanchezcarrion.gob.pe\/wordpress\/wp-content\/uploads\/2018\/10\/images.png\" alt=\"\" style=\"width:40px;\"><br \/>\n<\/a><\/td>\n<\/tr>\n<tr class=\"row-3 odd\">\n\t<td class=\"column-1\"><span class=\"label label-success\">14-01-2026<\/span><\/td><td class=\"column-2\">Plan Anual de Contrataciones 2026<\/td><td class=\"column-3\">Plan Anual de Adquisiciones y Contrataciones &#8211; PAC 2026<\/td><td class=\"column-4\"><a href=\"http:\/\/www.ugelsanchezcarrion.gob.pe\/wordpress\/wp-content\/uploads\/2026\/01\/PAC-2026-14012026.pdf\" target=\"_blank\" title=\"Descargar\" rel=\"noopener\"><br \/>\n    <img src=\"http:\/\/www.ugelsanchezcarrion.gob.pe\/wordpress\/wp-content\/uploads\/2018\/10\/images.png\" alt=\"\" style=\"width:40px;\"><br \/>\n<\/a><\/td>\n<\/tr>\n<tr class=\"row-4 even\">\n\t<td class=\"column-1\"><span class=\"label label-success\">16-04-2025<\/span><\/td><td class=\"column-2\">Modificaci\u00f3n del Plan Anual de Contrataciones 2025<\/td><td class=\"column-3\">Segunda Modificaci\u00f3n el Plan Anual de Adquisiciones y Contrataciones &#8211; PAC 2025<\/td><td class=\"column-4\"><a href=\"http:\/\/www.ugelsanchezcarrion.gob.pe\/wordpress\/wp-content\/uploads\/2025\/10\/MEMORANDO-000356-2025-GGR-GRE-UGELSCR_2DA-MODIFICACION-PAC-2025.pdf\" target=\"_blank\" title=\"Descargar\" rel=\"noopener\"><br \/>\n    <img src=\"http:\/\/www.ugelsanchezcarrion.gob.pe\/wordpress\/wp-content\/uploads\/2018\/10\/images.png\" alt=\"\" style=\"width:40px;\"><br \/>\n<\/a><\/td>\n<\/tr>\n<tr class=\"row-5 odd\">\n\t<td class=\"column-1\"><span class=\"label label-success\">27-02-2025<\/span><\/td><td class=\"column-2\">MEMORANDO-000192-2025- Modificaci\u00f3n del Plan Anual de Contrataciones 2025<\/td><td class=\"column-3\">Modificar el Plan Anual de Adquisiciones y Contrataciones &#8211; PAC 2025<\/td><td class=\"column-4\"><a href=\"http:\/\/www.ugelsanchezcarrion.gob.pe\/wordpress\/wp-content\/uploads\/2025\/06\/MEMORANDO-000192-2025-GGR-GRE-UGELSCR_MODIFICACION-DEL-PAC-2025.pdf\" target=\"_blank\" title=\"Descargar\" rel=\"noopener\"><br \/>\n    <img src=\"http:\/\/www.ugelsanchezcarrion.gob.pe\/wordpress\/wp-content\/uploads\/2018\/10\/images.png\" alt=\"\" style=\"width:40px;\"><br \/>\n<\/a><\/td>\n<\/tr>\n<tr class=\"row-6 even\">\n\t<td class=\"column-1\"><span class=\"label label-success\">22-02-2025<\/span><\/td><td class=\"column-2\">MEMORANDO-000077-2025- Aprobar del Plan Anual de Contrataciones 2025<\/td><td class=\"column-3\">Aprobar el Plan Anual de Adquisiciones y Contrataciones &#8211; PAC 2025<\/td><td class=\"column-4\"><a href=\"http:\/\/www.ugelsanchezcarrion.gob.pe\/wordpress\/wp-content\/uploads\/2025\/06\/MEMORANDO-000077-2025-GGR-GRE-UGELSCR_APROBACION-DEL-PAC-2025.pdf\" target=\"_blank\" title=\"Descargar\" rel=\"noopener\"><br \/>\n    <img src=\"http:\/\/www.ugelsanchezcarrion.gob.pe\/wordpress\/wp-content\/uploads\/2018\/10\/images.png\" alt=\"\" style=\"width:40px;\"><br \/>\n<\/a><\/td>\n<\/tr>\n<tr class=\"row-7 odd\">\n\t<td class=\"column-1\"><span class=\"label label-success\">03-09-2024<\/span><\/td><td class=\"column-2\">MEMORANDO 585-2024- Modificaci\u00f3n del Plan Anual de Contrataciones 2024<\/td><td class=\"column-3\">Modificar el Plan Anual de Adquisiciones y Contrataciones &#8211; PAC 2024<\/td><td class=\"column-4\"><a href=\"http:\/\/www.ugelsanchezcarrion.gob.pe\/wordpress\/wp-content\/uploads\/2025\/03\/MEMORANDO-585-2024...Modificacion-del-PAC.pdf\" target=\"_blank\" title=\"Descargar\" rel=\"noopener\"><br \/>\n    <img src=\"http:\/\/www.ugelsanchezcarrion.gob.pe\/wordpress\/wp-content\/uploads\/2018\/10\/images.png\" alt=\"\" style=\"width:40px;\"><br \/>\n<\/a><\/td>\n<\/tr>\n<tr class=\"row-8 even\">\n\t<td class=\"column-1\"><span class=\"label label-success\">23-01-2024<\/span><\/td><td class=\"column-2\">MEMORANDO N\u00b0 000048-2024-Plan Anual de Contrataciones 2024<\/td><td class=\"column-3\">Plan Anual de Adquisiciones y Contrataciones &#8211; PAC 2024<\/td><td class=\"column-4\"><a href=\"http:\/\/www.ugelsanchezcarrion.gob.pe\/wordpress\/wp-content\/uploads\/2024\/08\/Plan-Anual-de-Contrataciones-2024.pdf\" target=\"_blank\" title=\"Descargar\" rel=\"noopener\"><br \/>\n    <img src=\"http:\/\/www.ugelsanchezcarrion.gob.pe\/wordpress\/wp-content\/uploads\/2018\/10\/images.png\" alt=\"\" style=\"width:40px;\"><br \/>\n<\/a><\/td>\n<\/tr>\n<tr class=\"row-9 odd\">\n\t<td class=\"column-1\"><span class=\"label label-success\">18-01-2023<\/span><\/td><td class=\"column-2\">RD N\u00b0 000198-2023-Plan Anual de Contrataciones 2023<\/td><td class=\"column-3\">Plan Anual de Adquisiciones y Contrataciones &#8211; PAC 2023<\/td><td class=\"column-4\"><a href=\"http:\/\/www.ugelsanchezcarrion.gob.pe\/wordpress\/wp-content\/uploads\/2023\/08\/Plan-Anual-de-Contrataciones-2023.pdf\" target=\"_blank\" title=\"Descargar\" rel=\"noopener\"><br \/>\n    <img src=\"http:\/\/www.ugelsanchezcarrion.gob.pe\/wordpress\/wp-content\/uploads\/2018\/10\/images.png\" alt=\"\" style=\"width:40px;\"><br \/>\n<\/a><\/td>\n<\/tr>\n<tr class=\"row-10 even\">\n\t<td class=\"column-1\"><span class=\"label label-success\">07-03-2022<\/span><\/td><td class=\"column-2\">RD N\u00b0 001532-2022-Modificaci\u00f3n del PAC<\/td><td class=\"column-3\">Modificar la Resoluci\u00f3n Directoral UGEL S\u00e1nchez Carri\u00f3n N\u00b0 000141-2022<\/td><td class=\"column-4\"><a href=\"http:\/\/www.ugelsanchezcarrion.gob.pe\/wordpress\/wp-content\/uploads\/2023\/07\/RD-N\u00b0-001532-2022-Modificacion-del-PAC.pdf\" target=\"_blank\" title=\"Descargar\" rel=\"noopener\"><br \/>\n    <img src=\"http:\/\/www.ugelsanchezcarrion.gob.pe\/wordpress\/wp-content\/uploads\/2018\/10\/images.png\" alt=\"\" style=\"width:40px;\"><br \/>\n<\/a><\/td>\n<\/tr>\n<tr class=\"row-11 odd\">\n\t<td class=\"column-1\"><span class=\"label label-success\">21-01-2022<\/span><\/td><td class=\"column-2\">RD N\u00b0 000141-2022-Plan Anual de Contrataciones<\/td><td class=\"column-3\">Plan Anual de Contrataciones PAC 2022<\/td><td class=\"column-4\"><a href=\"http:\/\/www.ugelsanchezcarrion.gob.pe\/wordpress\/wp-content\/uploads\/2023\/07\/Plan-Anual-de-Contrataciones-UGEL-SC-2022.pdf\" target=\"_blank\" title=\"Descargar\" rel=\"noopener\"><br \/>\n    <img src=\"http:\/\/www.ugelsanchezcarrion.gob.pe\/wordpress\/wp-content\/uploads\/2018\/10\/images.png\" alt=\"\" style=\"width:40px;\"><br \/>\n<\/a><\/td>\n<\/tr>\n<tr class=\"row-12 even\">\n\t<td class=\"column-1\"><span class=\"label label-success\">07-04-2021<\/span><\/td><td class=\"column-2\">RD N\u00b0 2295-2021-Modificaci\u00f3n del PAC<\/td><td class=\"column-3\">Modificar la Resoluci\u00f3n Directoral UGEL S\u00e1nchez Carri\u00f3n N\u00b0 0012-2021<\/td><td class=\"column-4\"><a href=\"http:\/\/www.ugelsanchezcarrion.gob.pe\/wordpress\/wp-content\/uploads\/2021\/06\/RD-N\u00b0-2295-2021-Modificacion-del-PAC.pdf\" target=\"_blank\" title=\"Descargar\" rel=\"noopener\"><br \/>\n    <img src=\"http:\/\/www.ugelsanchezcarrion.gob.pe\/wordpress\/wp-content\/uploads\/2018\/10\/images.png\" alt=\"\" style=\"width:40px;\"><br \/>\n<\/a><\/td>\n<\/tr>\n<tr class=\"row-13 odd\">\n\t<td class=\"column-1\"><span class=\"label label-success\">19-01-2021<\/span><\/td><td class=\"column-2\">RD N\u00b0 012-2021-Plan Anual de Contrataciones<\/td><td class=\"column-3\">Plan Anual de Contrataciones PAC 2021<\/td><td class=\"column-4\"><a href=\"http:\/\/www.ugelsanchezcarrion.gob.pe\/wordpress\/wp-content\/uploads\/2021\/06\/RD-N\u00b0-012-2021-Plan-Anual-de-Contrataciones-PAC_UGEL-SC.pdf\" target=\"_blank\" title=\"Descargar\" rel=\"noopener\"><br \/>\n    <img src=\"http:\/\/www.ugelsanchezcarrion.gob.pe\/wordpress\/wp-content\/uploads\/2018\/10\/images.png\" alt=\"\" style=\"width:40px;\"><br \/>\n<\/a><\/td>\n<\/tr>\n<tr class=\"row-14 even\">\n\t<td class=\"column-1\"><span class=\"label label-success\">10-10-2019<\/span><\/td><td class=\"column-2\">Plan Anual de Adquisiciones y Contrataciones &#8211; PAC 2019<\/td><td class=\"column-3\">Plan Anual de Adquisiciones y Contrataciones &#8211; PAC 2019<\/td><td class=\"column-4\"><a href=\"http:\/\/www.ugelsanchezcarrion.gob.pe\/wordpress\/wp-content\/uploads\/2019\/10\/RD-PAC-2019.pdf\" target=\"_blank\" title=\"Descargar\" rel=\"noopener\"><br \/>\n    <img src=\"http:\/\/www.ugelsanchezcarrion.gob.pe\/wordpress\/wp-content\/uploads\/2018\/10\/images.png\" alt=\"\" style=\"width:40px;\"><br \/>\n<\/a><\/td>\n<\/tr>\n<tr class=\"row-15 odd\">\n\t<td class=\"column-1\"><span class=\"label label-success\">31-12-2018<\/span><\/td><td class=\"column-2\">Modificatoria\/Evaluaci\u00f3n del Plan anual de contrataciones (PAC)<\/td><td class=\"column-3\">No se realiz\u00f3 modificatoria ni evaluaci\u00f3n del PAC<\/td><td class=\"column-4\"><a href=\"http:\/\/www.ugelsanchezcarrion.gob.pe\/wordpress\/wp-content\/uploads\/2019\/01\/pac-31-12-18.pdf\" target=\"_blank\" title=\"Descargar\" rel=\"noopener\"><br \/>\n    <img src=\"http:\/\/www.ugelsanchezcarrion.gob.pe\/wordpress\/wp-content\/uploads\/2018\/10\/images.png\" alt=\"\" style=\"width:40px;\"><br \/>\n<\/a><\/td>\n<\/tr>\n<tr class=\"row-16 even\">\n\t<td class=\"column-1\"><span class=\"label label-success\">24-09-2018<\/span><\/td><td class=\"column-2\">Evaluaci\u00f3n del Plan anual de contrataciones (PAC)<\/td><td class=\"column-3\">No se aplica en UGEL S\u00e1nchez Carri\u00f3n<\/td><td class=\"column-4\"><a href=\"http:\/\/www.ugelsanchezcarrion.gob.pe\/wordpress\/wp-content\/uploads\/2018\/10\/pac-no-aplica.pdf\" target=\"_blank\" title=\"Descargar\" rel=\"noopener\"><br \/>\n    <img src=\"http:\/\/www.ugelsanchezcarrion.gob.pe\/wordpress\/wp-content\/uploads\/2018\/10\/images.png\" alt=\"\" style=\"width:40px;\"><br \/>\n<\/a><\/td>\n<\/tr>\n<tr class=\"row-17 odd\">\n\t<td class=\"column-1\"><span class=\"label label-success\">24-09-2018<\/span><\/td><td class=\"column-2\">Plan anual de contrataciones<\/td><td class=\"column-3\">A la fecha no se a realizado ninguna modificatoria del PAC<\/td><td class=\"column-4\"><a href=\"http:\/\/www.ugelsanchezcarrion.gob.pe\/wordpress\/wp-content\/uploads\/2017\/10\/PAC24-09-18.pdf\" rel=\"noopener\" target=\"_blank\">descargar<\/a><\/td>\n<\/tr>\n<tr class=\"row-18 even\">\n\t<td class=\"column-1\"><span class=\"label label-success\">31-03-2018<\/span><\/td><td class=\"column-2\">Plan anual de contrataciones<\/td><td class=\"column-3\">A la fecha no se a realizado ninguna modificatoria del PAC.<\/td><td class=\"column-4\"><a href=\"http:\/\/www.ugelsanchezcarrion.gob.pe\/wordpress\/wp-content\/uploads\/2018\/04\/Plan-Anual-de-Contrataciones.pdf\" rel=\"noopener\" target=\"_blank\">Descargar<\/a><\/td>\n<\/tr>\n<tr class=\"row-19 odd\">\n\t<td class=\"column-1\"><span class=\"label label-success\">29-01-2018<\/span><\/td><td class=\"column-2\">R.D. UGEL \u2013 SC N\u00b0 000308 &#8211; 2018<\/td><td class=\"column-3\">Aprobado el plan anual de adquisiciones y contrataciones de la Unidad Ejecutora 307 para el a\u00f1o Fiscal 2018.<\/td><td class=\"column-4\"><a href=\"http:\/\/www.ugelsanchezcarrion.gob.pe\/wordpress\/wp-content\/uploads\/2018\/04\/RD-PAC-2018001.pdf\" rel=\"noopener\" target=\"_blank\">Descargar<\/a><\/td>\n<\/tr>\n<tr class=\"row-20 even\">\n\t<td class=\"column-1\"><label class=\"label label-success\" >21-09-2017<\/label><\/td><td class=\"column-2\">R.D. UGEL \u2013 SC N\u00b0004006-2017<\/td><td class=\"column-3\">Modificar e incluir al PAC de la Unidad Ejecutora 307 UGEL-SC para el a\u00f1o 2017, aprobado mediante R.D.U.S.A. N\u00b0 000116-2017 el presupuesto transferencia del D.S. N\u00b0 174-2017-EF seg\u00fan detalle.<\/td><td class=\"column-4\"><a href=\"http:\/\/www.ugelsanchezcarrion.gob.pe\/wordpress\/wp-content\/uploads\/2017\/10\/PAC-RD-PAC-4006-KIT-DEPORTIVO001-Modificatoria.pdf\" rel=\"noopener\" target=\"_blank\">Descargar<\/a><\/td>\n<\/tr>\n<tr class=\"row-21 odd\">\n\t<td class=\"column-1\"><label class=\"label label-success\" >12-05-2017<\/label><\/td><td class=\"column-2\">R.D. UGEL \u2013 SC N\u00b0002672-2017<\/td><td class=\"column-3\">Incorporar al PAC de la Unidad Ejecutora 307 UGEL-SC para el a\u00f1o fiscal 2017, aprobado mediante R.D.U.S.A. N\u00b0 000116-2017 el presupuesto otorgado mediante el D.S. N\u00b0 059-2017 del cual se realizaran 04 procesos de adjudicaci\u00f3n.<\/td><td class=\"column-4\"><a href=\"http:\/\/www.ugelsanchezcarrion.gob.pe\/wordpress\/wp-content\/uploads\/2017\/10\/PAC-RD-PAC-MODIFICADO076.pdf\" rel=\"noopener\" target=\"_blank\">Descargar<\/a><\/td>\n<\/tr>\n<tr class=\"row-22 even\">\n\t<td class=\"column-1\"><label class=\"label label-success\" >25-01-2017<\/label><\/td><td class=\"column-2\">R.D. UGEL \u2013 SC N\u00b0000116-2017<\/td><td class=\"column-3\">Aprobar el Plan Anual de Adquisici\u00f3n de la Unidad Ejecutora 307 UGEL-SC para el a\u00f1o fiscal 2017.<\/td><td class=\"column-4\"><a href=\"http:\/\/www.ugelsanchezcarrion.gob.pe\/PAC_RDN%C2%B000116_DUGELSC_25_01_2017.pdf\" rel=\"noopener\" target=\"_blank\">Descargar<\/a><\/td>\n<\/tr>\n<tr class=\"row-23 odd\">\n\t<td class=\"column-1\"><span class=\"label label-success\">21-01-2016<\/span><\/td><td class=\"column-2\">R.D. UGEL S. C. N\u00b0 0320-2016<\/td><td class=\"column-3\">Aprobar el Plan Anual de Adquisiciones y Contrataciones de la Sede UGEL S\u00e1nchez Carri\u00f3n para el a\u00f1o 2016.<\/td><td class=\"column-4\"><a href=\"http:\/\/ugelsanchezcarrion.gob.pe\/resolucion_2016\/320.pdf\" rel=\"noopener\" target=\"_blank\">Descargar<\/a><\/td>\n<\/tr>\n<tr class=\"row-24 even\">\n\t<td class=\"column-1\"><label class=\"label label-success\" >01-03-2018<\/label><\/td><td class=\"column-2\"><\/td><td class=\"column-3\">EVALUACI\u00d3N DEL PAC<\/td><td class=\"column-4\"><a href=\"http:\/\/www.ugelsanchezcarrion.gob.pe\/wordpress\/wp-content\/uploads\/2017\/10\/evaluaccion-del-pac.pdf\" rel=\"noopener\" target=\"_blank\">Descargar<\/a><\/td>\n<\/tr>\n<\/tbody>\n<\/table>\n<!-- #tablepress-4 from cache -->\t\t\t\t\t<\/div>\n\t\t\t\t\t\t<\/div>\n\t\t\t\t<\/div>\n\t\t\t\t\t\t<\/div>\n\t\t\t\t\t<\/div>\n\t\t<\/div>\n\t\t\t\t\t\t\t\t<\/div>\n\t\t\t\t\t<\/div>\n\t\t<\/section>\n\t\t\t\t\t\t<\/div>\n\t\t\t\t\t\t<\/div>\n\t\t\t\t\t<\/div>\n\t\t","protected":false},"excerpt":{"rendered":"","protected":false},"author":1,"featured_media":0,"parent":0,"menu_order":0,"comment_status":"closed","ping_status":"closed","template":"","meta":[],"_links":{"self":[{"href":"https:\/\/www.ugelsanchezcarrion.gob.pe\/index.php?rest_route=\/wp\/v2\/pages\/2736"}],"collection":[{"href":"https:\/\/www.ugelsanchezcarrion.gob.pe\/index.php?rest_route=\/wp\/v2\/pages"}],"about":[{"href":"https:\/\/www.ugelsanchezcarrion.gob.pe\/index.php?rest_route=\/wp\/v2\/types\/page"}],"author":[{"embeddable":true,"href":"https:\/\/www.ugelsanchezcarrion.gob.pe\/index.php?rest_route=\/wp\/v2\/users\/1"}],"replies":[{"embeddable":true,"href":"https:\/\/www.ugelsanchezcarrion.gob.pe\/index.php?rest_route=%2Fwp%2Fv2%2Fcomments&post=2736"}],"version-history":[{"count":8,"href":"https:\/\/www.ugelsanchezcarrion.gob.pe\/index.php?rest_route=\/wp\/v2\/pages\/2736\/revisions"}],"predecessor-version":[{"id":24572,"href":"https:\/\/www.ugelsanchezcarrion.gob.pe\/index.php?rest_route=\/wp\/v2\/pages\/2736\/revisions\/24572"}],"wp:attachment":[{"href":"https:\/\/www.ugelsanchezcarrion.gob.pe\/index.php?rest_route=%2Fwp%2Fv2%2Fmedia&parent=2736"}],"curies":[{"name":"wp","href":"https:\/\/api.w.org\/{rel}","templated":true}]}}