{"id":571,"date":"2016-12-06T16:06:08","date_gmt":"2016-12-06T21:06:08","guid":{"rendered":"http:\/\/localhost\/wordpress\/?page_id=571"},"modified":"2016-12-06T16:06:08","modified_gmt":"2016-12-06T21:06:08","slug":"vision-y-mision","status":"publish","type":"page","link":"https:\/\/www.ugelsanchezcarrion.gob.pe\/?page_id=571","title":{"rendered":"Visi\u00f3n y Misi\u00f3n"},"content":{"rendered":"<p><strong>Visi\u00f3n<\/strong><\/p>\n<p style=\"text-align: justify;\">Al 2018, la UGEL S\u00e1nchez Carri\u00f3n, somos una instituci\u00f3n descentralizada que brinda un servicio educativo eficiente y de calidad, que permite el acceso a la educaci\u00f3n con igualdad de oportunidades\u00a0 en todas las modalidades y niveles educativos, articulando los aspectos sociales, econ\u00f3micos, productivos y ambientales; a trav\u00e9s de docentes capacitados, actualizados y comprometidos con la educaci\u00f3n, con manejo del curr\u00edculo contextualizado y diversificado;\u00a0 para lograr el desarrollo integral de ni\u00f1as, ni\u00f1os, adolescentes, j\u00f3venes y adultos comprometidos con el desarrollo sostenible\u00a0 y sustentable de nuestro \u00e1mbito jurisdiccional.<\/p>\n<p><strong>Misi\u00f3n<\/strong><\/p>\n<p style=\"text-align: justify;\">La Unidad de Gesti\u00f3n Educativa Local de S\u00e1nchez Carri\u00f3n es una Unidad Ejecutora\u00a0 del Gobierno Regional La Libertad, que orienta la aplicaci\u00f3n de pol\u00edticas nacionales y regionales en gesti\u00f3n educativa que ayudan a las instituciones educativas a promover una educaci\u00f3n integral, basada en valores, que logren el desarrollo personal de ni\u00f1as, ni\u00f1os, adolescentes, j\u00f3venes y adultos y su integraci\u00f3n a la sociedad como ciudadanos justos y solidarios.<\/p>\n","protected":false},"excerpt":{"rendered":"<p>Visi\u00f3n Al 2018, la UGEL S\u00e1nchez Carri\u00f3n, somos una instituci\u00f3n descentralizada que brinda un servicio educativo eficiente y de calidad, que permite el acceso a la educaci\u00f3n con igualdad de oportunidades\u00a0 en todas las modalidades y niveles educativos, articulando los aspectos sociales, econ\u00f3micos, productivos y ambientales; a trav\u00e9s de docentes capacitados, actualizados y comprometidos con&#8230;<\/p>\n","protected":false},"author":1,"featured_media":0,"parent":0,"menu_order":0,"comment_status":"closed","ping_status":"closed","template":"","meta":[],"_links":{"self":[{"href":"https:\/\/www.ugelsanchezcarrion.gob.pe\/index.php?rest_route=\/wp\/v2\/pages\/571"}],"collection":[{"href":"https:\/\/www.ugelsanchezcarrion.gob.pe\/index.php?rest_route=\/wp\/v2\/pages"}],"about":[{"href":"https:\/\/www.ugelsanchezcarrion.gob.pe\/index.php?rest_route=\/wp\/v2\/types\/page"}],"author":[{"embeddable":true,"href":"https:\/\/www.ugelsanchezcarrion.gob.pe\/index.php?rest_route=\/wp\/v2\/users\/1"}],"replies":[{"embeddable":true,"href":"https:\/\/www.ugelsanchezcarrion.gob.pe\/index.php?rest_route=%2Fwp%2Fv2%2Fcomments&post=571"}],"version-history":[{"count":2,"href":"https:\/\/www.ugelsanchezcarrion.gob.pe\/index.php?rest_route=\/wp\/v2\/pages\/571\/revisions"}],"predecessor-version":[{"id":573,"href":"https:\/\/www.ugelsanchezcarrion.gob.pe\/index.php?rest_route=\/wp\/v2\/pages\/571\/revisions\/573"}],"wp:attachment":[{"href":"https:\/\/www.ugelsanchezcarrion.gob.pe\/index.php?rest_route=%2Fwp%2Fv2%2Fmedia&parent=571"}],"curies":[{"name":"wp","href":"https:\/\/api.w.org\/{rel}","templated":true}]}}