{"id":575,"date":"2016-12-06T16:21:36","date_gmt":"2016-12-06T21:21:36","guid":{"rendered":"http:\/\/localhost\/wordpress\/?page_id=575"},"modified":"2016-12-26T16:46:55","modified_gmt":"2016-12-26T21:46:55","slug":"presentacion","status":"publish","type":"page","link":"https:\/\/www.ugelsanchezcarrion.gob.pe\/?page_id=575","title":{"rendered":"Presentaci\u00f3n"},"content":{"rendered":"\t\t<div data-elementor-type=\"wp-page\" data-elementor-id=\"575\" class=\"elementor elementor-575 elementor-bc-flex-widget\" data-elementor-settings=\"[]\">\n\t\t\t\t\t\t<div class=\"elementor-inner\">\n\t\t\t\t\t\t\t<div class=\"elementor-section-wrap\">\n\t\t\t\t\t\t\t<section class=\"elementor-section elementor-top-section elementor-element elementor-element-wu4zxd1 elementor-section-boxed elementor-section-height-default elementor-section-height-default\" data-id=\"wu4zxd1\" data-element_type=\"section\">\n\t\t\t\t\t\t<div class=\"elementor-container elementor-column-gap-default\">\n\t\t\t\t\t\t\t<div class=\"elementor-row\">\n\t\t\t\t\t<div class=\"elementor-column elementor-col-100 elementor-top-column elementor-element elementor-element-7rnn79j\" data-id=\"7rnn79j\" data-element_type=\"column\">\n\t\t\t<div class=\"elementor-column-wrap elementor-element-populated\">\n\t\t\t\t\t\t\t<div class=\"elementor-widget-wrap\">\n\t\t\t\t\t\t<div class=\"elementor-element elementor-element-twzfu9t elementor-widget elementor-widget-image\" data-id=\"twzfu9t\" data-element_type=\"widget\" data-widget_type=\"image.default\">\n\t\t\t\t<div class=\"elementor-widget-container\">\n\t\t\t\t\t\t\t\t<div class=\"elementor-image\">\n\t\t\t\t\t\t\t\t\t\t\t\t<img src=\"http:\/\/www.ugelsanchezcarrion.gob.pe\/wordpress\/wp-content\/plugins\/elementor\/assets\/images\/placeholder.png\" title=\"\" alt=\"\" \/>\t\t\t\t\t\t\t\t\t\t\t\t\t\t<\/div>\n\t\t\t\t\t\t<\/div>\n\t\t\t\t<\/div>\n\t\t\t\t<div class=\"elementor-element elementor-element-1064icq elementor-widget elementor-widget-text-editor\" data-id=\"1064icq\" data-element_type=\"widget\" data-widget_type=\"text-editor.default\">\n\t\t\t\t<div class=\"elementor-widget-container\">\n\t\t\t\t\t\t\t\t<div class=\"elementor-text-editor elementor-clearfix\">\n\t\t\t\t<blockquote><h4 style=\"text-align: center;\"><strong>\u201cME LO CONTARON Y LO OLVID\u00c9; LO VI Y LO ENTEND\u00cd; LO HICE Y LO APREND\u00cd\u201d<\/strong><\/h4><\/blockquote><p>La UGEL S\u00e1nchez Carri\u00f3n considera fundamental fomentar una gesti\u00f3n por resultados y que impulse a todos los actores involucrados en la educaci\u00f3n a comprometerse para mejorar su gesti\u00f3n educativa a partir del cumplimiento de determinados procesos y metas para lograr la mejora de los Servicios Educativos.<\/p><p>En tal sentido nos encaminamos a desarrollar una gesti\u00f3n centrada en cuatro l\u00edneas prioritarias.<\/p><p style=\"padding-left: 30px;\"><i class=\"fa fa-hand-o-right\"><\/i> Revalorizaci\u00f3n de la carrera docente<\/p><p style=\"padding-left: 30px;\"><i class=\"fa fa-hand-o-right\"><\/i> Calidad de los aprendizajes<\/p><p style=\"padding-left: 30px;\"><i class=\"fa fa-hand-o-right\"><\/i> Infraestructura Educativa<\/p><p style=\"padding-left: 30px;\"><i class=\"fa fa-hand-o-right\"><\/i> Gesti\u00f3n Moderna y Descentralizada.<\/p><p>Adem\u00e1s se consideran particularidades Regionales y Locales, enfocado en un aprendizaje contextualizado, intercultural e inclusivo; por lo que es fundamental el desarrollo de nuestro portal web, como la herramienta prioritaria en la interacci\u00f3n con nuestros usuarios y sobretodo en la contribuci\u00f3n a la mejora de la gesti\u00f3n por resultados.<\/p><p>\u00a0<\/p><blockquote><h4 style=\"text-align: center;\">*UGEL S\u00c1NCHEZ CARRI\u00d3N ACTUANDO DIFERENTE PARA<\/h4><h4 style=\"text-align: center;\">CONSTRUIR UN FUTURO DE \u00c9XITO*<\/h4><\/blockquote>\t\t\t\t\t<\/div>\n\t\t\t\t\t\t<\/div>\n\t\t\t\t<\/div>\n\t\t\t\t\t\t<\/div>\n\t\t\t\t\t<\/div>\n\t\t<\/div>\n\t\t\t\t\t\t\t\t<\/div>\n\t\t\t\t\t<\/div>\n\t\t<\/section>\n\t\t\t\t\t\t<\/div>\n\t\t\t\t\t\t<\/div>\n\t\t\t\t\t<\/div>\n\t\t","protected":false},"excerpt":{"rendered":"<p>\u201cME LO CONTARON Y LO OLVID\u00c9; LO VI Y LO ENTEND\u00cd; LO HICE Y LO APREND\u00cd\u201d La UGEL S\u00e1nchez Carri\u00f3n considera fundamental fomentar una gesti\u00f3n por resultados y que impulse a todos los actores involucrados en la educaci\u00f3n a comprometerse para mejorar su gesti\u00f3n educativa a partir del cumplimiento de determinados procesos y metas para&#8230;<\/p>\n","protected":false},"author":1,"featured_media":0,"parent":0,"menu_order":0,"comment_status":"closed","ping_status":"closed","template":"","meta":[],"_links":{"self":[{"href":"https:\/\/www.ugelsanchezcarrion.gob.pe\/index.php?rest_route=\/wp\/v2\/pages\/575"}],"collection":[{"href":"https:\/\/www.ugelsanchezcarrion.gob.pe\/index.php?rest_route=\/wp\/v2\/pages"}],"about":[{"href":"https:\/\/www.ugelsanchezcarrion.gob.pe\/index.php?rest_route=\/wp\/v2\/types\/page"}],"author":[{"embeddable":true,"href":"https:\/\/www.ugelsanchezcarrion.gob.pe\/index.php?rest_route=\/wp\/v2\/users\/1"}],"replies":[{"embeddable":true,"href":"https:\/\/www.ugelsanchezcarrion.gob.pe\/index.php?rest_route=%2Fwp%2Fv2%2Fcomments&post=575"}],"version-history":[{"count":7,"href":"https:\/\/www.ugelsanchezcarrion.gob.pe\/index.php?rest_route=\/wp\/v2\/pages\/575\/revisions"}],"predecessor-version":[{"id":804,"href":"https:\/\/www.ugelsanchezcarrion.gob.pe\/index.php?rest_route=\/wp\/v2\/pages\/575\/revisions\/804"}],"wp:attachment":[{"href":"https:\/\/www.ugelsanchezcarrion.gob.pe\/index.php?rest_route=%2Fwp%2Fv2%2Fmedia&parent=575"}],"curies":[{"name":"wp","href":"https:\/\/api.w.org\/{rel}","templated":true}]}}