{"id":623,"date":"2016-12-07T01:52:17","date_gmt":"2016-12-07T06:52:17","guid":{"rendered":"http:\/\/38.242.151.198\/\/wordpress\/?page_id=623"},"modified":"2016-12-07T01:52:17","modified_gmt":"2016-12-07T06:52:17","slug":"estructura-organica","status":"publish","type":"page","link":"https:\/\/www.ugelsanchezcarrion.gob.pe\/?page_id=623","title":{"rendered":"Estructura Organica"},"content":{"rendered":"<p>Segun se indica en el Reglamento de Organizaci\u00f3n y Funciones (ROF) la estructura org\u00e1nica de la UGEL S\u00e1nchez Carri\u00f3n es la siguiente:<\/p>\n<h5><strong>Direcci\u00f3n (DIR)<\/strong><\/h5>\n<h5><strong>\u00d3rganos de Apoyo:<\/strong><\/h5>\n<p style=\"padding-left: 30px;\">\u00c1rea de Administraci\u00f3n(ADM)<\/p>\n<h5><strong>\u00d3rganos de Asesoramiento:<\/strong><\/h5>\n<p style=\"padding-left: 30px;\">\u00c1rea de Asesor\u00eda Jur\u00eddica (Asesoria Legal)<\/p>\n<h5><strong>\u00d3rganos de L\u00ednea:<\/strong><\/h5>\n<p style=\"padding-left: 30px;\">\u00c1rea de Gesti\u00f3n Pedag\u00f3gica(AGP)<br \/>\n\u00c1rea de Gesti\u00f3n Institucional(AGI)<\/p>\n<h5><strong>\u00d3rgano de Control Institucional (OCI)<\/strong><\/h5>\n<p>&nbsp;<\/p>\n","protected":false},"excerpt":{"rendered":"<p>Segun se indica en el Reglamento de Organizaci\u00f3n y Funciones (ROF) la estructura org\u00e1nica de la UGEL S\u00e1nchez Carri\u00f3n es la siguiente: Direcci\u00f3n (DIR) \u00d3rganos de Apoyo: \u00c1rea de Administraci\u00f3n(ADM) \u00d3rganos de Asesoramiento: \u00c1rea de Asesor\u00eda Jur\u00eddica (Asesoria Legal) \u00d3rganos de L\u00ednea: \u00c1rea de Gesti\u00f3n Pedag\u00f3gica(AGP) \u00c1rea de Gesti\u00f3n Institucional(AGI) \u00d3rgano de Control Institucional (OCI)&#8230;<\/p>\n","protected":false},"author":1,"featured_media":0,"parent":0,"menu_order":0,"comment_status":"closed","ping_status":"closed","template":"","meta":[],"_links":{"self":[{"href":"https:\/\/www.ugelsanchezcarrion.gob.pe\/index.php?rest_route=\/wp\/v2\/pages\/623"}],"collection":[{"href":"https:\/\/www.ugelsanchezcarrion.gob.pe\/index.php?rest_route=\/wp\/v2\/pages"}],"about":[{"href":"https:\/\/www.ugelsanchezcarrion.gob.pe\/index.php?rest_route=\/wp\/v2\/types\/page"}],"author":[{"embeddable":true,"href":"https:\/\/www.ugelsanchezcarrion.gob.pe\/index.php?rest_route=\/wp\/v2\/users\/1"}],"replies":[{"embeddable":true,"href":"https:\/\/www.ugelsanchezcarrion.gob.pe\/index.php?rest_route=%2Fwp%2Fv2%2Fcomments&post=623"}],"version-history":[{"count":2,"href":"https:\/\/www.ugelsanchezcarrion.gob.pe\/index.php?rest_route=\/wp\/v2\/pages\/623\/revisions"}],"predecessor-version":[{"id":22728,"href":"https:\/\/www.ugelsanchezcarrion.gob.pe\/index.php?rest_route=\/wp\/v2\/pages\/623\/revisions\/22728"}],"wp:attachment":[{"href":"https:\/\/www.ugelsanchezcarrion.gob.pe\/index.php?rest_route=%2Fwp%2Fv2%2Fmedia&parent=623"}],"curies":[{"name":"wp","href":"https:\/\/api.w.org\/{rel}","templated":true}]}}