{"id":65,"date":"2016-11-07T07:49:36","date_gmt":"2016-11-07T12:49:36","guid":{"rendered":"http:\/\/localhost\/wordpress\/?page_id=65"},"modified":"2016-12-09T04:21:36","modified_gmt":"2016-12-09T09:21:36","slug":"contactanos","status":"publish","type":"page","link":"https:\/\/www.ugelsanchezcarrion.gob.pe\/?page_id=65","title":{"rendered":"Contactanos"},"content":{"rendered":"<p><i class=\"fa fa-home\"><\/i> Sede Institucional: Jr. Jos\u00e9 Balta Nro. 1005- Huamachuco &#8211; S\u00e1nchez Carri\u00f3n &#8211; La Libertad<br \/>\n<i class=\"fa fa-phone\" aria-hidden=\"true\"><\/i> Central Telef\u00f3nica: (044) 348117<br \/>\n<i class=\"fa fa-envelope\" aria-hidden=\"true\"><\/i> Contacto: webmaster@ugelsanchezcarrion.gob.pe<br \/>\n<i class=\"fa fa-clock-o\" aria-hidden=\"true\"><\/i> Horario de atenci\u00f3n: Lunes a viernes de 08:00 am &#8211; 01:00 pm y 2:45 pm &#8211; 05:30 pm<\/p>\n<p><iframe loading=\"lazy\" style=\"border: 0;\" src=\"https:\/\/www.google.com\/maps\/embed?pb=!1m18!1m12!1m3!1d3952.8006700031074!2d-78.04874368584512!3d-7.810913894371411!2m3!1f0!2f0!3f0!3m2!1i1024!2i768!4f13.1!3m3!1m2!1s0x91ade4ea6d6a1e9f%3A0x902abae0f8e45e11!2sUGEL+Sanchez+Carrion!5e0!3m2!1ses-419!2spe!4v1481274029564\" width=\"800\" height=\"600\" frameborder=\"0\" allowfullscreen=\"allowfullscreen\"><\/iframe><\/p>\n","protected":false},"excerpt":{"rendered":"<p>Sede Institucional: Jr. Jos\u00e9 Balta Nro. 1005- Huamachuco &#8211; S\u00e1nchez Carri\u00f3n &#8211; La Libertad Central Telef\u00f3nica: (044) 348117 Contacto: webmaster@ugelsanchezcarrion.gob.pe Horario de atenci\u00f3n: Lunes a viernes de 08:00 am &#8211; 01:00 pm y 2:45 pm &#8211; 05:30 pm<\/p>\n","protected":false},"author":1,"featured_media":0,"parent":0,"menu_order":0,"comment_status":"closed","ping_status":"closed","template":"","meta":[],"_links":{"self":[{"href":"https:\/\/www.ugelsanchezcarrion.gob.pe\/index.php?rest_route=\/wp\/v2\/pages\/65"}],"collection":[{"href":"https:\/\/www.ugelsanchezcarrion.gob.pe\/index.php?rest_route=\/wp\/v2\/pages"}],"about":[{"href":"https:\/\/www.ugelsanchezcarrion.gob.pe\/index.php?rest_route=\/wp\/v2\/types\/page"}],"author":[{"embeddable":true,"href":"https:\/\/www.ugelsanchezcarrion.gob.pe\/index.php?rest_route=\/wp\/v2\/users\/1"}],"replies":[{"embeddable":true,"href":"https:\/\/www.ugelsanchezcarrion.gob.pe\/index.php?rest_route=%2Fwp%2Fv2%2Fcomments&post=65"}],"version-history":[{"count":7,"href":"https:\/\/www.ugelsanchezcarrion.gob.pe\/index.php?rest_route=\/wp\/v2\/pages\/65\/revisions"}],"predecessor-version":[{"id":717,"href":"https:\/\/www.ugelsanchezcarrion.gob.pe\/index.php?rest_route=\/wp\/v2\/pages\/65\/revisions\/717"}],"wp:attachment":[{"href":"https:\/\/www.ugelsanchezcarrion.gob.pe\/index.php?rest_route=%2Fwp%2Fv2%2Fmedia&parent=65"}],"curies":[{"name":"wp","href":"https:\/\/api.w.org\/{rel}","templated":true}]}}