{"id":706,"date":"2016-12-09T01:51:15","date_gmt":"2016-12-09T06:51:15","guid":{"rendered":"http:\/\/38.242.151.198\/\/wordpress\/?page_id=706"},"modified":"2025-01-27T16:02:35","modified_gmt":"2025-01-27T21:02:35","slug":"mapa-del-sitio","status":"publish","type":"page","link":"https:\/\/www.ugelsanchezcarrion.gob.pe\/?page_id=706","title":{"rendered":"Mapa del Sitio"},"content":{"rendered":"<p><i class=\"fa fa-home\"> <\/i><a target=\"_blank\" rel=\"noopener\"> Inicio<\/a><\/p>\n<p><i class=\"fa fa-chevron-circle-down\"><\/i> <a target=\"_blank\" rel=\"noopener\"> Institucional<\/a><\/p>\n<p style=\"padding-left: 30px;\"><i class=\"fa fa-caret-right\"><\/i> <a target=\"_blank\" rel=\"noopener\"> Presentaci\u00f3n<\/a><br \/>\n<i class=\"fa fa-caret-right\"><\/i> <a target=\"_blank\" rel=\"noopener\"> Visi\u00f3n y Misi\u00f3n<\/a><br \/>\n<i class=\"fa fa-caret-right\"><\/i> <a target=\"_blank\" rel=\"noopener\"> Directorio Institucional<\/a><br \/>\n<i class=\"fa fa-caret-right\"><\/i> <a target=\"_blank\" rel=\"noopener\"> Estructura Org\u00e1nica<\/a><\/p>\n<p style=\"padding-left: 60px;\"><i class=\"fa fa-angle-right\"><\/i> <a target=\"_blank\" rel=\"noopener\"> Direcci\u00f3n<\/a><br \/>\n<i class=\"fa fa-angle-right\"><\/i> <a target=\"_blank\" rel=\"noopener\"> \u00c1rea de Administraci\u00f3n<\/a><br \/>\n<i class=\"fa fa-angle-right\"><\/i> <a target=\"_blank\" rel=\"noopener\"> \u00c1rea de Gesti\u00f3n Pedag\u00f3gica<\/a><br \/>\n<i class=\"fa fa-angle-right\"><\/i> <a target=\"_blank\" rel=\"noopener\"> \u00c1rea de Gesti\u00f3n Institucional\/a&gt;<br \/>\n<i class=\"fa fa-angle-right\"><\/i> <\/a><a target=\"_blank\" rel=\"noopener\"> Asesor\u00eda Legal<\/a><a target=\"_blank\" rel=\"noopener\"><br \/>\n<i class=\"fa fa-angle-right\"><\/i> <\/a><a target=\"_blank\" rel=\"noopener\"> Organo de Control Institucional<\/a><\/p>\n<p style=\"padding-left: 30px;\"><i class=\"fa fa-caret-right\"><\/i> <a target=\"_blank\" rel=\"noopener\"> Organigrama<\/a><br \/>\n<i class=\"fa fa-caret-right\"><\/i> <a target=\"_blank\" rel=\"noopener\"> Documentos de Gesti\u00f3n<\/a><\/p>\n<p><i class=\"fa fa-chevron-circle-down\"><\/i> <a target=\"_blank\" rel=\"noopener\"> Servicios<\/a><\/p>\n<p style=\"padding-left: 30px;\"><i class=\"fa fa-caret-right\"><\/i> <a target=\"_blank\" rel=\"noopener\"> Noticias<\/a><br \/>\n<i class=\"fa fa-caret-right\"><\/i> <a target=\"_blank\" rel=\"noopener\"> Normatividad<\/a><br \/>\n<i class=\"fa fa-caret-right\"><\/i> <a target=\"_blank\" rel=\"noopener\"> Convocatorias<\/a><\/p>\n<p><i class=\"fa fa-chevron-circle-down\"><\/i> <a target=\"_blank\" rel=\"noopener\"> Documentos<\/a><\/p>\n<p style=\"padding-left: 30px;\"><i class=\"fa fa-caret-right\"><\/i> <a target=\"_blank\" rel=\"noopener\"> Comunicados<\/a><\/p>\n","protected":false},"excerpt":{"rendered":"<p>Inicio Institucional Presentaci\u00f3n Visi\u00f3n y Misi\u00f3n Directorio Institucional Estructura Org\u00e1nica Direcci\u00f3n \u00c1rea de Administraci\u00f3n \u00c1rea de Gesti\u00f3n Pedag\u00f3gica \u00c1rea de Gesti\u00f3n Institucional\/a&gt; Asesor\u00eda Legal Organo de Control Institucional Organigrama Documentos de Gesti\u00f3n Servicios Noticias Normatividad Convocatorias Documentos Comunicados<\/p>\n","protected":false},"author":1,"featured_media":0,"parent":0,"menu_order":0,"comment_status":"closed","ping_status":"closed","template":"","meta":[],"_links":{"self":[{"href":"https:\/\/www.ugelsanchezcarrion.gob.pe\/index.php?rest_route=\/wp\/v2\/pages\/706"}],"collection":[{"href":"https:\/\/www.ugelsanchezcarrion.gob.pe\/index.php?rest_route=\/wp\/v2\/pages"}],"about":[{"href":"https:\/\/www.ugelsanchezcarrion.gob.pe\/index.php?rest_route=\/wp\/v2\/types\/page"}],"author":[{"embeddable":true,"href":"https:\/\/www.ugelsanchezcarrion.gob.pe\/index.php?rest_route=\/wp\/v2\/users\/1"}],"replies":[{"embeddable":true,"href":"https:\/\/www.ugelsanchezcarrion.gob.pe\/index.php?rest_route=%2Fwp%2Fv2%2Fcomments&post=706"}],"version-history":[{"count":6,"href":"https:\/\/www.ugelsanchezcarrion.gob.pe\/index.php?rest_route=\/wp\/v2\/pages\/706\/revisions"}],"predecessor-version":[{"id":22748,"href":"https:\/\/www.ugelsanchezcarrion.gob.pe\/index.php?rest_route=\/wp\/v2\/pages\/706\/revisions\/22748"}],"wp:attachment":[{"href":"https:\/\/www.ugelsanchezcarrion.gob.pe\/index.php?rest_route=%2Fwp%2Fv2%2Fmedia&parent=706"}],"curies":[{"name":"wp","href":"https:\/\/api.w.org\/{rel}","templated":true}]}}