{"id":90,"date":"2016-11-07T09:23:49","date_gmt":"2016-11-07T14:23:49","guid":{"rendered":"http:\/\/localhost\/wordpress\/?page_id=90"},"modified":"2016-12-06T17:46:10","modified_gmt":"2016-12-06T22:46:10","slug":"area-de-gestion-administrativa","status":"publish","type":"page","link":"https:\/\/www.ugelsanchezcarrion.gob.pe\/?page_id=90","title":{"rendered":"\u00c1rea de Administraci\u00f3n"},"content":{"rendered":"<p><strong>Art\u00edculo 11.- \u00c1rea de Administraci\u00f3n<\/strong><\/p>\n<p>El\u00a0 \u00d3rgano\u00a0 de\u00a0 Apoyo\u00a0 es\u00a0 el\u00a0 \u00c1rea\u00a0 de\u00a0 Administraci\u00f3n\u00a0 y\u00a0 cumple\u00a0 las siguientes funciones:<\/p>\n<p style=\"padding-left: 30px;\">a) Proporcionar oportunamente, los recursos econ\u00f3micos, bienes y servicios que demande la prestaci\u00f3n del servicio de las instituciones educativas a su cargo, en un marco de equidad y transparencia, mediante la ejecuci\u00f3n eficaz de los recursos presupuestarios de la Unidad de Gesti\u00f3n Educativa Local S\u00e1nchez Carri\u00f3n.<\/p>\n<p style=\"padding-left: 30px;\">b) Participar, en las modificaciones presupuestales necesarias, en coordinaci\u00f3n con el \u00c1rea de Gesti\u00f3n Institucional a fin de lograr un mejor cumplimiento de los objetivos estrat\u00e9gicos propuestos.<\/p>\n<p style=\"padding-left: 30px;\">c) Asesorar a las Instituciones Educativas en la elaboraci\u00f3n y ejecuci\u00f3n de sus presupuestos.<\/p>\n<p style=\"padding-left: 30px;\">d) Elaborar el calendario de compromisos de la Unidad de Gesti\u00f3n Educativa Local S\u00e1nchez Carri\u00f3n y tramitar los requerimientos a las instancias correspondientes en los dem\u00e1s casos, para garantizar la disponibilidad oportuna de los recursos presupuestales.<\/p>\n<p style=\"padding-left: 30px;\">e) Administrar el personal, los recursos materiales y financieros y bienes patrimoniales de la sede institucional y de las Instituciones Educativas a su cargo.<\/p>\n<p style=\"padding-left: 30px;\">f) Aplicar los procesos t\u00e9cnicos de los sistemas de personal, abastecimientos, contabilidad y tesorer\u00eda en las dependencias administrativas a su cargo, de conformidad a la normatividad emitida para cada sistema administrativo.<\/p>\n<p style=\"padding-left: 30px;\">g) Mantener actualizado la base de datos del registro escalafonario, el inventario de bienes patrimoniales y el acervo documental, de la sede institucional y de las Instituciones Educativas a su cargo.<\/p>\n<p style=\"padding-left: 30px;\">h) Mejorar permanentemente los procesos t\u00e9cnicos de la gesti\u00f3n administrativa simplificando su ejecuci\u00f3n.<\/p>\n<p style=\"padding-left: 30px;\">i) Conciliar, la informaci\u00f3n contable, administrativa y presupuestal del ejercicio fiscal, en los niveles administrativos y plazos correspondientes.<\/p>\n<p style=\"padding-left: 30px;\">j) Mantener actualizado el marges\u00ed de bienes inmuebles de su \u00e1mbito territorial, efectuando el saneamiento f\u00edsico \u2013 legal de aquellos que lo requieran, en coordinaci\u00f3n con la Gerencia Regional de Educaci\u00f3n y el \u00f3rgano competente de la Sede Central del Ministerio de Educaci\u00f3n.<\/p>\n","protected":false},"excerpt":{"rendered":"<p>Art\u00edculo 11.- \u00c1rea de Administraci\u00f3n El\u00a0 \u00d3rgano\u00a0 de\u00a0 Apoyo\u00a0 es\u00a0 el\u00a0 \u00c1rea\u00a0 de\u00a0 Administraci\u00f3n\u00a0 y\u00a0 cumple\u00a0 las siguientes funciones: a) Proporcionar oportunamente, los recursos econ\u00f3micos, bienes y servicios que demande la prestaci\u00f3n del servicio de las instituciones educativas a su cargo, en un marco de equidad y transparencia, mediante la ejecuci\u00f3n eficaz de los recursos&#8230;<\/p>\n","protected":false},"author":1,"featured_media":0,"parent":0,"menu_order":0,"comment_status":"closed","ping_status":"closed","template":"","meta":[],"_links":{"self":[{"href":"https:\/\/www.ugelsanchezcarrion.gob.pe\/index.php?rest_route=\/wp\/v2\/pages\/90"}],"collection":[{"href":"https:\/\/www.ugelsanchezcarrion.gob.pe\/index.php?rest_route=\/wp\/v2\/pages"}],"about":[{"href":"https:\/\/www.ugelsanchezcarrion.gob.pe\/index.php?rest_route=\/wp\/v2\/types\/page"}],"author":[{"embeddable":true,"href":"https:\/\/www.ugelsanchezcarrion.gob.pe\/index.php?rest_route=\/wp\/v2\/users\/1"}],"replies":[{"embeddable":true,"href":"https:\/\/www.ugelsanchezcarrion.gob.pe\/index.php?rest_route=%2Fwp%2Fv2%2Fcomments&post=90"}],"version-history":[{"count":8,"href":"https:\/\/www.ugelsanchezcarrion.gob.pe\/index.php?rest_route=\/wp\/v2\/pages\/90\/revisions"}],"predecessor-version":[{"id":602,"href":"https:\/\/www.ugelsanchezcarrion.gob.pe\/index.php?rest_route=\/wp\/v2\/pages\/90\/revisions\/602"}],"wp:attachment":[{"href":"https:\/\/www.ugelsanchezcarrion.gob.pe\/index.php?rest_route=%2Fwp%2Fv2%2Fmedia&parent=90"}],"curies":[{"name":"wp","href":"https:\/\/api.w.org\/{rel}","templated":true}]}}