{"id":98,"date":"2016-11-07T09:42:29","date_gmt":"2016-11-07T14:42:29","guid":{"rendered":"http:\/\/localhost\/wordpress\/?page_id=98"},"modified":"2016-12-06T17:28:19","modified_gmt":"2016-12-06T22:28:19","slug":"area-de-gestion-pedagogica","status":"publish","type":"page","link":"https:\/\/www.ugelsanchezcarrion.gob.pe\/?page_id=98","title":{"rendered":"\u00c1rea de Gesti\u00f3n Pedag\u00f3gica"},"content":{"rendered":"<p><strong>Art\u00edculo 09:<\/strong><br \/>\nLos \u00d3rganos de L\u00ednea son responsables del cumplimiento de las funciones sustantivas de la Unidad de Gesti\u00f3n Educativa Local S\u00e1nchez Carri\u00f3n. Est\u00e1 conformada por el \u00c1rea de Gesti\u00f3n Pedag\u00f3gica y el \u00c1rea de Gesti\u00f3n Institucional.<\/p>\n<p>Son funciones del \u00c1rea de Gesti\u00f3n Pedag\u00f3gica:<\/p>\n<p style=\"padding-left: 30px;\">a) Orientar y supervisar la aplicaci\u00f3n de la pol\u00edtica y normatividad educativa nacional y regional, en materia de gesti\u00f3n pedag\u00f3gica, en las Instituciones Educativas del \u00e1mbito territorial.<\/p>\n<p style=\"padding-left: 30px;\">b) Aplicar estrategias alternativas orientadas a mejorar la calidad educativa en las Instituciones Educativas de la jurisdicci\u00f3n de la Unidad de Gesti\u00f3n Educativa Local S\u00e1nchez Carri\u00f3n.<\/p>\n<p style=\"padding-left: 30px;\">c) Desarrollar programas de prevenci\u00f3n y atenci\u00f3n integral, as\u00ed como programas de bienestar social para los educandos de las Instituciones Educativas en coordinaci\u00f3n con los gobiernos municipales e instituciones p\u00fablicas y privadas especializadas, dirigidos especialmente a la poblaci\u00f3n en situaci\u00f3n de pobreza y pobreza extrema.<\/p>\n<p style=\"padding-left: 30px;\">d) Promover y ejecutar en coordinaci\u00f3n con las Instituciones Educativas, estrategias efectivas de alfabetizaci\u00f3n y continuidad educativa acordes con las caracter\u00edsticas socio culturales.<\/p>\n<p style=\"padding-left: 30px;\">e) Apoyar y participar en programas y proyectos de investigaci\u00f3n \u2013 acci\u00f3n e innovaci\u00f3n pedag\u00f3gica y evaluar el impacto de los servicios educativos.<\/p>\n<p style=\"padding-left: 30px;\">f) Asesorar, monitorear y supervisar las acciones de diversificaci\u00f3n y desarrollo curricular en las Instituciones Educativas a su cargo.<\/p>\n<p style=\"padding-left: 30px;\">g) Asesorar y apoyar la implantaci\u00f3n e implementaci\u00f3n de Centros de Recursos educativos y tecnol\u00f3gicos que apoyen el proceso de aprendizaje.<\/p>\n<p style=\"padding-left: 30px;\">h) Promover la participaci\u00f3n en los programas regionales y nacionales de evaluaci\u00f3n y medici\u00f3n de la calidad educativa y difundir los resultados obtenidos.<\/p>\n<p style=\"padding-left: 30px;\">i) Realizar acciones de actualizaci\u00f3n, capacitaci\u00f3n continua y seguimiento del personal directivo, docente y administrativo de las Instituciones Educativas P\u00fablicas y Privadas.<\/p>\n<p style=\"padding-left: 30px;\">j) Organizar y desarrollar programas en apoyo de la educaci\u00f3n, la ciencia y tecnolog\u00eda, la cultura, la recreaci\u00f3n y el deporte, propiciando la participaci\u00f3n de la comunidad.<\/p>\n<p style=\"padding-left: 30px;\">k) Elaborar proyectos educativos para captar recursos de la cooperaci\u00f3n t\u00e9cnica y financiera de la comunidad local, regional, nacional e internacional.<\/p>\n<p style=\"padding-left: 30px;\">l) Emitir opini\u00f3n t\u00e9cnica en aspectos de su competencia.<\/p>\n","protected":false},"excerpt":{"rendered":"<p>Art\u00edculo 09: Los \u00d3rganos de L\u00ednea son responsables del cumplimiento de las funciones sustantivas de la Unidad de Gesti\u00f3n Educativa Local S\u00e1nchez Carri\u00f3n. Est\u00e1 conformada por el \u00c1rea de Gesti\u00f3n Pedag\u00f3gica y el \u00c1rea de Gesti\u00f3n Institucional. Son funciones del \u00c1rea de Gesti\u00f3n Pedag\u00f3gica: a) Orientar y supervisar la aplicaci\u00f3n de la pol\u00edtica y normatividad&#8230;<\/p>\n","protected":false},"author":1,"featured_media":0,"parent":0,"menu_order":0,"comment_status":"closed","ping_status":"closed","template":"","meta":[],"_links":{"self":[{"href":"https:\/\/www.ugelsanchezcarrion.gob.pe\/index.php?rest_route=\/wp\/v2\/pages\/98"}],"collection":[{"href":"https:\/\/www.ugelsanchezcarrion.gob.pe\/index.php?rest_route=\/wp\/v2\/pages"}],"about":[{"href":"https:\/\/www.ugelsanchezcarrion.gob.pe\/index.php?rest_route=\/wp\/v2\/types\/page"}],"author":[{"embeddable":true,"href":"https:\/\/www.ugelsanchezcarrion.gob.pe\/index.php?rest_route=\/wp\/v2\/users\/1"}],"replies":[{"embeddable":true,"href":"https:\/\/www.ugelsanchezcarrion.gob.pe\/index.php?rest_route=%2Fwp%2Fv2%2Fcomments&post=98"}],"version-history":[{"count":9,"href":"https:\/\/www.ugelsanchezcarrion.gob.pe\/index.php?rest_route=\/wp\/v2\/pages\/98\/revisions"}],"predecessor-version":[{"id":591,"href":"https:\/\/www.ugelsanchezcarrion.gob.pe\/index.php?rest_route=\/wp\/v2\/pages\/98\/revisions\/591"}],"wp:attachment":[{"href":"https:\/\/www.ugelsanchezcarrion.gob.pe\/index.php?rest_route=%2Fwp%2Fv2%2Fmedia&parent=98"}],"curies":[{"name":"wp","href":"https:\/\/api.w.org\/{rel}","templated":true}]}}